{"id":4938,"date":"2020-09-23T20:06:03","date_gmt":"2020-09-23T20:06:03","guid":{"rendered":"http:\/\/macher.ga\/fluogas\/?post_type=product&#038;p=4938"},"modified":"2020-10-20T01:24:52","modified_gmt":"2020-10-20T01:24:52","slug":"detector-de-gas-midas","status":"publish","type":"product","link":"https:\/\/fluogas.com\/?product=detector-de-gas-midas","title":{"rendered":"Detector de gas Midas\u00ae"},"content":{"rendered":"<p>El detector de gas Midas utiliza tecnolog\u00eda de sensor confiable para detectar muchos gases t\u00f3xicos, ambientales e inflamables clave en una planta.\u00a0El dispositivo monitorea puntos a una distancia de hasta 100 pies (30 metros) mientras utiliza tecnolog\u00eda patentada para regular las tasas de flujo y garantizar una detecci\u00f3n de gas sin errores.\u00a0Gracias al uso de rob\u00f3tica avanzada de Honeywell, el detector de gas Midas ofrece una calidad y confiabilidad inmejorables:<\/p>\n<ul>\n<li>Mayor visibilidad y facilidad de uso.\u00a0El detector de gas Midas est\u00e1 equipado con luces LED brillantes y una interfaz interactiva e intuitiva que proporciona alertas instant\u00e1neas sobre lecturas de gas o niveles de alarma.\u00a0La interfaz tambi\u00e9n incluye men\u00fas protegidos por contrase\u00f1a para configuraci\u00f3n, prueba y calibraci\u00f3n.<\/li>\n<li>F\u00e1cil instalaci\u00f3n.\u00a0De tama\u00f1o compacto con un chasis de metal f\u00e1cil de manejar, el detector de gas Midas es f\u00e1cil de instalar.\u00a0Eso es especialmente importante en entornos de procesos complejos y abarrotados donde el espacio es un bien escaso.<\/li>\n<li>Numerosas aplicaciones.\u00a0Con capacidades ricas en funciones que son f\u00e1ciles de usar, el detector de gas Midas es adecuado para muchas aplicaciones de la industria, incluido el procesamiento de semiconductores, fabricaci\u00f3n industrial ligera, laboratorios universitarios, aeroespacial, aguas residuales y m\u00e1s.<\/li>\n<\/ul>\n","protected":false},"excerpt":{"rendered":"<div class=\"product-description-text\">Aportando nueva visibilidad, confiabilidad y facilidad de uso a la detecci\u00f3n de gas en el procesamiento de semiconductores y la fabricaci\u00f3n industrial.<\/div>\n<div id=\"main_1_divFeaturesBenefitsHeading\" class=\"product-features-title\">caracte<\/div>\n","protected":false},"featured_media":5866,"template":"","meta":[],"_links":{"self":[{"href":"https:\/\/fluogas.com\/index.php?rest_route=\/wp\/v2\/product\/4938"}],"collection":[{"href":"https:\/\/fluogas.com\/index.php?rest_route=\/wp\/v2\/product"}],"about":[{"href":"https:\/\/fluogas.com\/index.php?rest_route=\/wp\/v2\/types\/product"}],"version-history":[{"count":0,"href":"https:\/\/fluogas.com\/index.php?rest_route=\/wp\/v2\/product\/4938\/revisions"}],"wp:featuredmedia":[{"embeddable":true,"href":"https:\/\/fluogas.com\/index.php?rest_route=\/wp\/v2\/media\/5866"}],"wp:attachment":[{"href":"https:\/\/fluogas.com\/index.php?rest_route=%2Fwp%2Fv2%2Fmedia&parent=4938"}],"curies":[{"name":"wp","href":"https:\/\/api.w.org\/{rel}","templated":true}]}}