{"id":4937,"date":"2020-09-23T20:01:24","date_gmt":"2020-09-23T20:01:24","guid":{"rendered":"http:\/\/macher.ga\/fluogas\/?post_type=product&#038;p=4937"},"modified":"2020-10-20T01:33:25","modified_gmt":"2020-10-20T01:33:25","slug":"honeywell-bw-icon","status":"publish","type":"product","link":"https:\/\/fluogas.com\/?product=honeywell-bw-icon","title":{"rendered":"Honeywell BW \u2122 Icon"},"content":{"rendered":"<p>El primer detector de gases m\u00faltiples con pantalla de iconos, para decisiones r\u00e1pidas.\u00a0Honeywell BW \u2122 Icon recibe su nombre por su visualizaci\u00f3n de iconos simples para los niveles de gas y el estado del dispositivo.\u00a0Eso significa que no hay lecturas de gas en vivo para que los trabajadores las interpreten y no hay capacitaci\u00f3n que requiera mucho tiempo.\u00a0En cambio, cuando hay una alarma de gas, el \u00edcono de la campana en la pantalla se iluminar\u00e1, junto con un indicador al lado del sensor en alarma, para que los trabajadores puedan despejar el \u00e1rea r\u00e1pidamente.<\/p>\n","protected":false},"excerpt":{"rendered":"<p>El primer detector de gases m\u00faltiples con pantalla de iconos, para decisiones r\u00e1pidas.\u00a0Honeywell BW \u2122 Icon recibe su nombre por su visualizaci\u00f3n de iconos simples para los niveles de gas y el estado del dispositivo.<\/p>\n","protected":false},"featured_media":5867,"template":"","meta":[],"_links":{"self":[{"href":"https:\/\/fluogas.com\/index.php?rest_route=\/wp\/v2\/product\/4937"}],"collection":[{"href":"https:\/\/fluogas.com\/index.php?rest_route=\/wp\/v2\/product"}],"about":[{"href":"https:\/\/fluogas.com\/index.php?rest_route=\/wp\/v2\/types\/product"}],"version-history":[{"count":0,"href":"https:\/\/fluogas.com\/index.php?rest_route=\/wp\/v2\/product\/4937\/revisions"}],"wp:featuredmedia":[{"embeddable":true,"href":"https:\/\/fluogas.com\/index.php?rest_route=\/wp\/v2\/media\/5867"}],"wp:attachment":[{"href":"https:\/\/fluogas.com\/index.php?rest_route=%2Fwp%2Fv2%2Fmedia&parent=4937"}],"curies":[{"name":"wp","href":"https:\/\/api.w.org\/{rel}","templated":true}]}}