{"id":4931,"date":"2020-09-23T19:54:21","date_gmt":"2020-09-23T19:54:21","guid":{"rendered":"http:\/\/macher.ga\/fluogas\/?post_type=product&#038;p=4931"},"modified":"2020-10-20T01:34:37","modified_gmt":"2020-10-20T01:34:37","slug":"gasalert-extreme-copia","status":"publish","type":"product","link":"https:\/\/fluogas.com\/?product=gasalert-extreme-copia","title":{"rendered":"GasAlert Extreme (copia)"},"content":{"rendered":"<p>Con una operaci\u00f3n de encendido \/ apagado f\u00e1cil, este detector de un solo gas ofrece una mayor longevidad con una bater\u00eda y un sensor reemplazables en el campo de dos a\u00f1os.\u00a0La calibraci\u00f3n es un procedimiento autom\u00e1tico simple y es compatible con BW Technologies por el sistema autom\u00e1tico de prueba y calibraci\u00f3n MicroDock II de Honeywell.\u00a0Una amplia gama de opciones de usuario, visualizaci\u00f3n en varios idiomas y funcionalidad de registro de datos hacen del GasAlert Extreme una soluci\u00f3n ideal para muchas aplicaciones.<\/p>\n<p>Caracter\u00edsticas adicionales de GasAlert Extreme:<\/p>\n<ul>\n<li>Configuraciones a prueba de manipulaciones con protecci\u00f3n de contrase\u00f1a<\/li>\n<li>\u00a0La pantalla LCD continua muestra la concentraci\u00f3n de gas en tiempo real<\/li>\n<li>\u00a0El dise\u00f1o compacto y ligero lo hace c\u00f3modo de llevar<\/li>\n<li>Resistente al agua<\/li>\n<li>Procedimiento de calibraci\u00f3n autom\u00e1tico simple;\u00a0compatible con la estaci\u00f3n de calibraci\u00f3n y prueba autom\u00e1tica BW MicroDock II<\/li>\n<\/ul>\n","protected":false},"excerpt":{"rendered":"<p>Con una operaci\u00f3n de encendido \/ apagado f\u00e1cil, este detector de un solo gas ofrece una mayor longevidad con una bater\u00eda y un sensor reemplazables en el campo de dos a\u00f1os.<\/p>\n","protected":false},"featured_media":5847,"template":"","meta":[],"_links":{"self":[{"href":"https:\/\/fluogas.com\/index.php?rest_route=\/wp\/v2\/product\/4931"}],"collection":[{"href":"https:\/\/fluogas.com\/index.php?rest_route=\/wp\/v2\/product"}],"about":[{"href":"https:\/\/fluogas.com\/index.php?rest_route=\/wp\/v2\/types\/product"}],"version-history":[{"count":1,"href":"https:\/\/fluogas.com\/index.php?rest_route=\/wp\/v2\/product\/4931\/revisions"}],"predecessor-version":[{"id":5870,"href":"https:\/\/fluogas.com\/index.php?rest_route=\/wp\/v2\/product\/4931\/revisions\/5870"}],"wp:featuredmedia":[{"embeddable":true,"href":"https:\/\/fluogas.com\/index.php?rest_route=\/wp\/v2\/media\/5847"}],"wp:attachment":[{"href":"https:\/\/fluogas.com\/index.php?rest_route=%2Fwp%2Fv2%2Fmedia&parent=4931"}],"curies":[{"name":"wp","href":"https:\/\/api.w.org\/{rel}","templated":true}]}}