{"id":4924,"date":"2020-09-23T19:47:44","date_gmt":"2020-09-23T19:47:44","guid":{"rendered":"http:\/\/macher.ga\/fluogas\/?post_type=product&#038;p=4924"},"modified":"2020-10-20T01:44:13","modified_gmt":"2020-10-20T01:44:13","slug":"honeywell-bw-rigrat-copia","status":"publish","type":"product","link":"https:\/\/fluogas.com\/?product=honeywell-bw-rigrat-copia","title":{"rendered":"Honeywell BW \u2122 RigRat (copia)"},"content":{"rendered":"<div>Honeywell BW \u2122 RigRat ofrece un nuevo nivel de facilidad de uso para el monitoreo de \u00e1reas de m\u00faltiples gases transportables, para que su gente pueda trabajar con confianza en \u00e1reas peligrosas.\u00a0Simplemente coloque el monitor cerca, y alertar\u00e1 a los trabajadores sobre las amenazas de gas en el \u00e1rea para que puedan tomar medidas.<\/div>\n<div><\/div>\n<div>Agarra y vete.\u00a0Al igual que otros productos Honeywell BW \u2122, Honeywell BW \u2122 RigRat est\u00e1 dise\u00f1ado para facilitar su operaci\u00f3n con un solo bot\u00f3n.\u00a0Simplemente enci\u00e9ndalo y estar\u00e1 listo para implementar, no se requiere experiencia.\u00a0Las c\u00f3modas asas y la correa de transporte facilitan su transporte.<\/div>\n<div><\/div>\n<div>A diferencia de algunos monitores de \u00e1rea transportables, Honeywell BW \u2122 RigRat es completamente aut\u00f3nomo, sin necesidad de reutilizar sus detectores de gas personales para una aplicaci\u00f3n de monitoreo de \u00e1rea.\u00a0En su lugar, contin\u00fae usando sus detectores personales para monitorear la zona de respiraci\u00f3n de los trabajadores,<\/div>\n<div>mientras usa Honeywell BW \u2122 RigRat para monitorear un \u00e1rea.<\/div>\n","protected":false},"excerpt":{"rendered":"<p>Honeywell BW \u2122 RigRat ofrece un nuevo nivel de facilidad de uso para el monitoreo de \u00e1reas de m\u00faltiples gases transportables, para que su gente pueda trabajar con confianza en \u00e1reas peligrosas.\u00a0Simplemente coloque el monitor cerca, y alertar\u00e1 a los trabajadores sobre las amenazas de gas en el \u00e1rea para que puedan tomar medidas.<\/p>\n","protected":false},"featured_media":5872,"template":"","meta":[],"_links":{"self":[{"href":"https:\/\/fluogas.com\/index.php?rest_route=\/wp\/v2\/product\/4924"}],"collection":[{"href":"https:\/\/fluogas.com\/index.php?rest_route=\/wp\/v2\/product"}],"about":[{"href":"https:\/\/fluogas.com\/index.php?rest_route=\/wp\/v2\/types\/product"}],"version-history":[{"count":0,"href":"https:\/\/fluogas.com\/index.php?rest_route=\/wp\/v2\/product\/4924\/revisions"}],"wp:featuredmedia":[{"embeddable":true,"href":"https:\/\/fluogas.com\/index.php?rest_route=\/wp\/v2\/media\/5872"}],"wp:attachment":[{"href":"https:\/\/fluogas.com\/index.php?rest_route=%2Fwp%2Fv2%2Fmedia&parent=4924"}],"curies":[{"name":"wp","href":"https:\/\/api.w.org\/{rel}","templated":true}]}}