{"id":4921,"date":"2020-09-23T19:44:29","date_gmt":"2020-09-23T19:44:29","guid":{"rendered":"http:\/\/macher.ga\/fluogas\/?post_type=product&#038;p=4921"},"modified":"2020-10-20T01:49:21","modified_gmt":"2020-10-20T01:49:21","slug":"tubos-de-deteccion-de-gases-colorimetricos","status":"publish","type":"product","link":"https:\/\/fluogas.com\/?product=tubos-de-deteccion-de-gases-colorimetricos","title":{"rendered":"Tubos de detecci\u00f3n de gases colorim\u00e9tricos"},"content":{"rendered":"<p>Los tubos de detecci\u00f3n de gas funcionan de la siguiente manera: Se extrae una muestra de aire a trav\u00e9s de un tubo que contiene un reactivo, lo que provoca un cambio de color.\u00a0A continuaci\u00f3n, se lee la concentraci\u00f3n a partir de la longitud de la mancha de color en el reactivo.\u00a0Las ventajas de los tubos de detecci\u00f3n sobre otros m\u00e9todos anal\u00edticos son la simplicidad de uso, la respuesta r\u00e1pida, el bajo costo y el muy bajo mantenimiento.\u00a0Debido a que cada lote de tubos Honeywell est\u00e1 precalibrado, no es necesario ning\u00fan equipo de calibraci\u00f3n.\u00a0Los errores se evitan marcando directamente la informaci\u00f3n de calibraci\u00f3n en cada tubo, y la precisi\u00f3n se asegura a\u00fan m\u00e1s controlando el volumen de aire muestreado.\u00a0Los tubos Honeywell son principalmente del tipo de orificio estrecho y est\u00e1n dise\u00f1ados para usarse con una bomba de pist\u00f3n manual Honeywell.<\/p>\n","protected":false},"excerpt":{"rendered":"<p>Los tubos de detecci\u00f3n de gas funcionan de la siguiente manera: Se extrae una muestra de aire a trav\u00e9s de un tubo que contiene un reactivo, lo que provoca un cambio de color.<\/p>\n","protected":false},"featured_media":5875,"template":"","meta":[],"_links":{"self":[{"href":"https:\/\/fluogas.com\/index.php?rest_route=\/wp\/v2\/product\/4921"}],"collection":[{"href":"https:\/\/fluogas.com\/index.php?rest_route=\/wp\/v2\/product"}],"about":[{"href":"https:\/\/fluogas.com\/index.php?rest_route=\/wp\/v2\/types\/product"}],"version-history":[{"count":1,"href":"https:\/\/fluogas.com\/index.php?rest_route=\/wp\/v2\/product\/4921\/revisions"}],"predecessor-version":[{"id":5876,"href":"https:\/\/fluogas.com\/index.php?rest_route=\/wp\/v2\/product\/4921\/revisions\/5876"}],"wp:featuredmedia":[{"embeddable":true,"href":"https:\/\/fluogas.com\/index.php?rest_route=\/wp\/v2\/media\/5875"}],"wp:attachment":[{"href":"https:\/\/fluogas.com\/index.php?rest_route=%2Fwp%2Fv2%2Fmedia&parent=4921"}],"curies":[{"name":"wp","href":"https:\/\/api.w.org\/{rel}","templated":true}]}}