{"id":4918,"date":"2020-09-23T19:41:57","date_gmt":"2020-09-23T19:41:57","guid":{"rendered":"http:\/\/macher.ga\/fluogas\/?post_type=product&#038;p=4918"},"modified":"2020-10-20T01:46:49","modified_gmt":"2020-10-20T01:46:49","slug":"detector-de-un-solo-gas-toxipro","status":"publish","type":"product","link":"https:\/\/fluogas.com\/?product=detector-de-un-solo-gas-toxipro","title":{"rendered":"Detector de un solo gas ToxiPro\u00ae"},"content":{"rendered":"<p>Nunca debe comprometer la seguridad.\u00a0El detector de un solo gas ToxiPro\u00ae reemplazable en el campo tiene tres ventanas de alarma visual que vienen est\u00e1ndar con LED de alarma de alta visibilidad amarillo (advertencia) y rojo (peligro) que parpadean y persiguen.\u00a0Las nuevas mejoras para el sistema de administraci\u00f3n IQ brindan alertas autom\u00e1ticas por correo electr\u00f3nico para que usted y todo su grupo tengan el control al saber al instante qu\u00e9 alarmas est\u00e1n ocurriendo y, m\u00e1s espec\u00edficamente, con configuraciones personalizables, solo las alarmas que son importantes para usted.\u00a0Ahora puede estar seguro de que durante un incidente sabr\u00e1 qui\u00e9n llevaba puesto el monitor, en qu\u00e9 \u00e1rea de trabajo estaban, cu\u00e1ndo ocurri\u00f3 el evento y qu\u00e9 tipo de evento de alarma experimentaron.\u00a0El tiempo de investigaci\u00f3n de incidentes ahora se reduce con informaci\u00f3n m\u00e1s detallada sobre la alarma.<\/p>\n","protected":false},"excerpt":{"rendered":"<p>Nunca debe comprometer la seguridad.\u00a0El detector de un solo gas ToxiPro\u00ae reemplazable en el campo tiene tres ventanas de alarma visual que vienen est\u00e1ndar con LED de alarma de alta visibilidad amarillo (advertencia) y rojo (peligro) que parpadean y persiguen.<\/p>\n","protected":false},"featured_media":5844,"template":"","meta":[],"_links":{"self":[{"href":"https:\/\/fluogas.com\/index.php?rest_route=\/wp\/v2\/product\/4918"}],"collection":[{"href":"https:\/\/fluogas.com\/index.php?rest_route=\/wp\/v2\/product"}],"about":[{"href":"https:\/\/fluogas.com\/index.php?rest_route=\/wp\/v2\/types\/product"}],"version-history":[{"count":1,"href":"https:\/\/fluogas.com\/index.php?rest_route=\/wp\/v2\/product\/4918\/revisions"}],"predecessor-version":[{"id":5874,"href":"https:\/\/fluogas.com\/index.php?rest_route=\/wp\/v2\/product\/4918\/revisions\/5874"}],"wp:featuredmedia":[{"embeddable":true,"href":"https:\/\/fluogas.com\/index.php?rest_route=\/wp\/v2\/media\/5844"}],"wp:attachment":[{"href":"https:\/\/fluogas.com\/index.php?rest_route=%2Fwp%2Fv2%2Fmedia&parent=4918"}],"curies":[{"name":"wp","href":"https:\/\/api.w.org\/{rel}","templated":true}]}}