{"id":4914,"date":"2020-09-23T19:36:21","date_gmt":"2020-09-23T19:36:21","guid":{"rendered":"http:\/\/macher.ga\/fluogas\/?post_type=product&#038;p=4914"},"modified":"2020-10-20T02:18:25","modified_gmt":"2020-10-20T02:18:25","slug":"honeywell-bw-connect","status":"publish","type":"product","link":"https:\/\/fluogas.com\/?product=honeywell-bw-connect","title":{"rendered":"Honeywell BW \u2122 Connect"},"content":{"rendered":"<p>Para la detecci\u00f3n de gas inal\u00e1mbrica, la complejidad y el costo son dos barreras clave en el segmento de cumplimiento.\u00a0El nuevo Honeywell BW \u2122 Connect es un adaptador f\u00e1cil de usar, sin tornillos ni herramientas necesarias para la instalaci\u00f3n.\u00a0La soluci\u00f3n tambi\u00e9n es rentable, gracias al precio del paquete y la opci\u00f3n de usar su tel\u00e9fono inteligente.\u00a0Adem\u00e1s, Honeywell BW \u2122 Connect es confiable y brinda conectividad inal\u00e1mbrica a sus soluciones confiables de detecci\u00f3n de fugas de gas para una mayor tranquilidad y la seguridad de que su empresa est\u00e1 protegida al tiempo que garantiza el cumplimiento total.<\/p>\n<p><strong>Conectividad total<\/strong>\u00a0: gracias al adaptador BW \u2122 Connect, puede obtener detecci\u00f3n de gas inal\u00e1mbrica al transformar sus detectores de gas actuales en dispositivos inteligentes conectados.<\/p>\n<p><strong>Configuraci\u00f3n f\u00e1cil<\/strong>\u00a0: el proceso de configuraci\u00f3n es simple e incluye tres pasos: 1) deslizar el adaptador en el puerto de carga del detector BW, 2) descargar la aplicaci\u00f3n Safety Communicator y 3) emparejar el detector con un tel\u00e9fono inteligente a trav\u00e9s de Bluetooth\u00ae.<\/p>\n<p><strong>Acceso y control remotos<\/strong>\u00a0: acceda a los datos en tiempo real en cualquier dispositivo de tel\u00e9fono inteligente a trav\u00e9s de la aplicaci\u00f3n Safety Communicator.<\/p>\n<p><strong>Cumplimiento de un vistazo<\/strong>\u00a0: al usar este adaptador rentable, puede conectarse al software de monitoreo remoto de Honeywell y verificar el cumplimiento, ver registros generados autom\u00e1ticamente de incidentes de gas, verificar las pruebas funcionales y la calibraci\u00f3n;\u00a0Los gerentes de seguridad pueden mejorar la seguridad, el cumplimiento, la respuesta a emergencias y la administraci\u00f3n.<\/p>\n<p><strong>Tiempo de actividad maximizado<\/strong>\u00a0: con el monitoreo de gas en tiempo real y la reacci\u00f3n r\u00e1pida mejorada, puede maximizar el tiempo de actividad de su hardware mientras minimiza los costos relacionados y los riesgos para la seguridad de sus empleados.<\/p>\n<p><strong>Respuesta r\u00e1pida<\/strong>\u00a0: reciba alertas instant\u00e1neas cada vez que un detector de fugas de gas entre en alarma y reciba notificaciones de hombre ca\u00eddo.<\/p>\n","protected":false},"excerpt":{"rendered":"<p>Para la detecci\u00f3n de gas inal\u00e1mbrica, la complejidad y el costo son dos barreras clave en el segmento de cumplimiento.\u00a0El nuevo Honeywell BW \u2122 Connect es un adaptador f\u00e1cil de usar, sin tornillos ni herramientas necesarias para la instalaci\u00f3n.<\/p>\n","protected":false},"featured_media":5885,"template":"","meta":[],"_links":{"self":[{"href":"https:\/\/fluogas.com\/index.php?rest_route=\/wp\/v2\/product\/4914"}],"collection":[{"href":"https:\/\/fluogas.com\/index.php?rest_route=\/wp\/v2\/product"}],"about":[{"href":"https:\/\/fluogas.com\/index.php?rest_route=\/wp\/v2\/types\/product"}],"version-history":[{"count":0,"href":"https:\/\/fluogas.com\/index.php?rest_route=\/wp\/v2\/product\/4914\/revisions"}],"wp:featuredmedia":[{"embeddable":true,"href":"https:\/\/fluogas.com\/index.php?rest_route=\/wp\/v2\/media\/5885"}],"wp:attachment":[{"href":"https:\/\/fluogas.com\/index.php?rest_route=%2Fwp%2Fv2%2Fmedia&parent=4914"}],"curies":[{"name":"wp","href":"https:\/\/api.w.org\/{rel}","templated":true}]}}