{"id":4909,"date":"2020-09-23T19:30:06","date_gmt":"2020-09-23T19:30:06","guid":{"rendered":"http:\/\/macher.ga\/fluogas\/?post_type=product&#038;p=4909"},"modified":"2020-10-20T02:00:00","modified_gmt":"2020-10-20T02:00:00","slug":"serie-honeywell-bw-microclip","status":"publish","type":"product","link":"https:\/\/fluogas.com\/?product=serie-honeywell-bw-microclip","title":{"rendered":"Serie Honeywell BW \u2122 MicroClip"},"content":{"rendered":"<p>Talla peque\u00f1a.\u00a0F\u00e1cil de usar.\u00a0Operaci\u00f3n confiable.\u00a0Protecci\u00f3n asequible.\u00a0Con esa combinaci\u00f3n de beneficios, no es de extra\u00f1ar que la serie Honeywell BW \u2122 MicroClip sea el detector de gases m\u00faltiples m\u00e1s popular del mundo.<\/p>\n<p>La \u00faltima incorporaci\u00f3n a la serie Honeywell BW \u2122 MicroClip es Honeywell BW \u2122 MicroClip X3.\u00a0Este modelo ofrece una garant\u00eda de tres a\u00f1os y un\u00a0sensor de\u00a0O\u00a0<sub>2 completamente<\/sub>\u00a0nuevo\u00a0, junto con todos los dem\u00e1s beneficios del detector de cuatro gases favorito de los trabajadores, para brindar la mejor combinaci\u00f3n de confiabilidad, costo de propiedad y facilidad de uso.<\/p>\n<p>Caracter\u00edsticas de la serie Honeywell BW \u2122 MicroClip:<\/p>\n<ul>\n<li>Monitoree simult\u00e1neamente hasta cuatro gases, incluidos O\u00a0<sub>2<\/sub>\u00a0, H\u00a0<sub>2<\/sub>\u00a0S, CO y combustibles<\/li>\n<li>Duraci\u00f3n de la bater\u00eda de 18 horas a temperaturas normales;\u00a0garant\u00eda de clima fr\u00edo de al menos 12 horas de funcionamiento durante el per\u00edodo de garant\u00eda completo.<\/li>\n<li>Nueva clasificaci\u00f3n IP68 para una protecci\u00f3n del agua incomparable, lo que brinda a los trabajadores la confianza de que resistir\u00e1 condiciones desafiantes.<\/li>\n<\/ul>\n","protected":false},"excerpt":{"rendered":"<p>Talla peque\u00f1a.\u00a0F\u00e1cil de usar.\u00a0Operaci\u00f3n confiable.\u00a0Protecci\u00f3n asequible.\u00a0Con esa combinaci\u00f3n de beneficios, no es de extra\u00f1ar que la serie Honeywell BW \u2122 MicroClip sea el detector de gases m\u00faltiples m\u00e1s popular del mundo.<\/p>\n","protected":false},"featured_media":5881,"template":"","meta":[],"_links":{"self":[{"href":"https:\/\/fluogas.com\/index.php?rest_route=\/wp\/v2\/product\/4909"}],"collection":[{"href":"https:\/\/fluogas.com\/index.php?rest_route=\/wp\/v2\/product"}],"about":[{"href":"https:\/\/fluogas.com\/index.php?rest_route=\/wp\/v2\/types\/product"}],"version-history":[{"count":0,"href":"https:\/\/fluogas.com\/index.php?rest_route=\/wp\/v2\/product\/4909\/revisions"}],"wp:featuredmedia":[{"embeddable":true,"href":"https:\/\/fluogas.com\/index.php?rest_route=\/wp\/v2\/media\/5881"}],"wp:attachment":[{"href":"https:\/\/fluogas.com\/index.php?rest_route=%2Fwp%2Fv2%2Fmedia&parent=4909"}],"curies":[{"name":"wp","href":"https:\/\/api.w.org\/{rel}","templated":true}]}}