{"id":4906,"date":"2020-09-23T19:25:59","date_gmt":"2020-09-23T19:25:59","guid":{"rendered":"http:\/\/macher.ga\/fluogas\/?post_type=product&#038;p=4906"},"modified":"2020-10-20T02:00:23","modified_gmt":"2020-10-20T02:00:23","slug":"honeywell-bw-clip4","status":"publish","type":"product","link":"https:\/\/fluogas.com\/?product=honeywell-bw-clip4","title":{"rendered":"Honeywell BW \u2122 Clip4"},"content":{"rendered":"<p>Cuando tenga las manos ocupadas en el campo, no necesitar\u00e1 una detecci\u00f3n de gas problem\u00e1tica con la que pueda contar: el detector de cuatro gases Honeywell BW \u2122 Clip4.\u00a0Detecci\u00f3n de m\u00faltiples gases port\u00e1til y f\u00e1cil que siempre est\u00e1 activa.\u00a0Sin carga, sin reemplazo de bater\u00eda, sin problemas.\u00a0Un costo de propiedad m\u00e1s simple y bajo garantizado por el compromiso de Honeywell con la calidad y respaldado por un ecosistema completo de tecnolog\u00edas de respaldo.\u00a0Cuando engancha el Honeywell BW \u2122 Clip4, sabe que est\u00e1 encendido.<\/p>\n<p>Siempre encendido: tiempo de ejecuci\u00f3n continuo de 2 a\u00f1os.<\/p>\n<p>Una vez activado, puede estar seguro de que el Honeywell BW \u2122 Clip4 siempre est\u00e1 encendido.\u00a0El Honeywell BW \u2122 Clip4 es f\u00e1cil de usar.\u00a0Reduzca sus costos de mantenimiento con dos a\u00f1os de funcionamiento continuo sin carga y sin reemplazo de bater\u00edas o sensores.\u00a0Simplemente encienda su nuevo detector y luego, despu\u00e9s de dos a\u00f1os, reempl\u00e1celo por uno nuevo.<\/p>\n","protected":false},"excerpt":{"rendered":"<p>Cuando tenga las manos ocupadas en el campo, no necesitar\u00e1 una detecci\u00f3n de gas problem\u00e1tica con la que pueda contar: el detector de cuatro gases Honeywell BW \u2122 Clip4.<\/p>\n","protected":false},"featured_media":5882,"template":"","meta":[],"_links":{"self":[{"href":"https:\/\/fluogas.com\/index.php?rest_route=\/wp\/v2\/product\/4906"}],"collection":[{"href":"https:\/\/fluogas.com\/index.php?rest_route=\/wp\/v2\/product"}],"about":[{"href":"https:\/\/fluogas.com\/index.php?rest_route=\/wp\/v2\/types\/product"}],"version-history":[{"count":0,"href":"https:\/\/fluogas.com\/index.php?rest_route=\/wp\/v2\/product\/4906\/revisions"}],"wp:featuredmedia":[{"embeddable":true,"href":"https:\/\/fluogas.com\/index.php?rest_route=\/wp\/v2\/media\/5882"}],"wp:attachment":[{"href":"https:\/\/fluogas.com\/index.php?rest_route=%2Fwp%2Fv2%2Fmedia&parent=4906"}],"curies":[{"name":"wp","href":"https:\/\/api.w.org\/{rel}","templated":true}]}}