{"id":4903,"date":"2020-09-23T19:23:23","date_gmt":"2020-09-23T19:23:23","guid":{"rendered":"http:\/\/macher.ga\/fluogas\/?post_type=product&#038;p=4903"},"modified":"2020-10-20T02:00:51","modified_gmt":"2020-10-20T02:00:51","slug":"serie-de-clips-bw","status":"publish","type":"product","link":"https:\/\/fluogas.com\/?product=serie-de-clips-bw","title":{"rendered":"Serie de clips BW"},"content":{"rendered":"<p>La serie BW Clip de detectores sin mantenimiento es la forma m\u00e1s f\u00e1cil de usar, confiable y rentable de garantizar la seguridad, el cumplimiento y la productividad.<\/p>\n<p>La serie BW Clip funciona hasta tres a\u00f1os sin mantenimiento, y con la versi\u00f3n de dos a\u00f1os para H2S o CO, puede obtener a\u00fan m\u00e1s vida por el precio: simplemente col\u00f3quelo en un estuche de hibernaci\u00f3n cuando no lo est\u00e9 usando durante una semana o m\u00e1s, y extender su vida \u00fatil durante ese per\u00edodo de tiempo, hasta un a\u00f1o.<\/p>\n<p>Con una prueba interna automatizada, protecci\u00f3n robusta para entornos hostiles, un destello de alarma de gran angular y otras caracter\u00edsticas, la serie BW Clip son los detectores m\u00e1s confiables de su tipo, de los expertos m\u00e1s confiables en detecci\u00f3n de gas.<\/p>\n<p>Y cuando se utiliza con el sistema de gesti\u00f3n de instrumentos IntelliDoX, la serie BW Clip son los detectores libres de mantenimiento m\u00e1s flexibles y configurables del mercado.\u00a0Con IntelliDoX, puede:<\/p>\n<ul>\n<li>Ajuste los puntos de ajuste de la alarma para cumplir con los requisitos cambiantes<\/li>\n<li>Realice un seguimiento de las pruebas funcionales y establezca un indicador de incumplimiento<\/li>\n<li>Golpee 50 detectores en menos de tres minutos<\/li>\n<li>Y m\u00e1s, para que pueda mejorar la seguridad y el cumplimiento en la detecci\u00f3n de gases<\/li>\n<\/ul>\n","protected":false},"excerpt":{"rendered":"<p>La serie BW Clip de detectores sin mantenimiento es la forma m\u00e1s f\u00e1cil de usar, confiable y rentable de garantizar la seguridad, el cumplimiento y la productividad.<\/p>\n","protected":false},"featured_media":5845,"template":"","meta":[],"_links":{"self":[{"href":"https:\/\/fluogas.com\/index.php?rest_route=\/wp\/v2\/product\/4903"}],"collection":[{"href":"https:\/\/fluogas.com\/index.php?rest_route=\/wp\/v2\/product"}],"about":[{"href":"https:\/\/fluogas.com\/index.php?rest_route=\/wp\/v2\/types\/product"}],"version-history":[{"count":0,"href":"https:\/\/fluogas.com\/index.php?rest_route=\/wp\/v2\/product\/4903\/revisions"}],"wp:featuredmedia":[{"embeddable":true,"href":"https:\/\/fluogas.com\/index.php?rest_route=\/wp\/v2\/media\/5845"}],"wp:attachment":[{"href":"https:\/\/fluogas.com\/index.php?rest_route=%2Fwp%2Fv2%2Fmedia&parent=4903"}],"curies":[{"name":"wp","href":"https:\/\/api.w.org\/{rel}","templated":true}]}}