{"id":4899,"date":"2020-09-23T19:15:52","date_gmt":"2020-09-23T19:15:52","guid":{"rendered":"http:\/\/macher.ga\/fluogas\/?post_type=product&#038;p=4899"},"modified":"2020-10-20T01:39:48","modified_gmt":"2020-10-20T01:39:48","slug":"gasalertquattro","status":"publish","type":"product","link":"https:\/\/fluogas.com\/?product=gasalertquattro","title":{"rendered":"GasAlertQuattro"},"content":{"rendered":"<p>Con opciones de energ\u00eda flexibles, el GasAlertQuattro siempre est\u00e1 listo. La pantalla LCD gr\u00e1fica muestra iconos f\u00e1ciles de identificar que indican informaci\u00f3n operativa, como la prueba funcional y el estado de calibraci\u00f3n para simplificar la auditor\u00eda in situ. IntelliFlash proporciona una confirmaci\u00f3n visual continua del funcionamiento y cumplimiento del detector. Adecuado para una amplia gama de aplicaciones industriales, incluida la entrada a espacios confinados.<\/p>\n<p>Caracter\u00edsticas adicionales de GasAlertQuattro:<br \/>\n\u2022 Paquete de bater\u00edas recargables intercambiables o paquete alcalino con 3 bater\u00edas AA<br \/>\n\u2022 Capacidad completa de registro de datos y eventos<br \/>\n\u2022 IntelliFlash verifica el funcionamiento y el cumplimiento para el usuario y los supervisores desde hasta 20 pies \/ 6,1 m<br \/>\n\u2022 Los sensores SureCell probados en campo ofrecen Rendimiento sin precedentes incluso en los entornos m\u00e1s duros.<\/p>\n","protected":false},"excerpt":{"rendered":"<p>Con opciones de energ\u00eda flexibles, el GasAlertQuattro siempre est\u00e1 listo. La pantalla LCD gr\u00e1fica muestra iconos f\u00e1ciles de identificar que indican informaci\u00f3n operativa, como la prueba funcional y el estado de calibraci\u00f3n para simplificar la auditor\u00eda in situ.<\/p>\n","protected":false},"featured_media":5868,"template":"","meta":[],"_links":{"self":[{"href":"https:\/\/fluogas.com\/index.php?rest_route=\/wp\/v2\/product\/4899"}],"collection":[{"href":"https:\/\/fluogas.com\/index.php?rest_route=\/wp\/v2\/product"}],"about":[{"href":"https:\/\/fluogas.com\/index.php?rest_route=\/wp\/v2\/types\/product"}],"version-history":[{"count":0,"href":"https:\/\/fluogas.com\/index.php?rest_route=\/wp\/v2\/product\/4899\/revisions"}],"wp:featuredmedia":[{"embeddable":true,"href":"https:\/\/fluogas.com\/index.php?rest_route=\/wp\/v2\/media\/5868"}],"wp:attachment":[{"href":"https:\/\/fluogas.com\/index.php?rest_route=%2Fwp%2Fv2%2Fmedia&parent=4899"}],"curies":[{"name":"wp","href":"https:\/\/api.w.org\/{rel}","templated":true}]}}