{"id":4894,"date":"2020-09-23T19:10:16","date_gmt":"2020-09-23T19:10:16","guid":{"rendered":"http:\/\/macher.ga\/fluogas\/?post_type=product&#038;p=4894"},"modified":"2020-10-20T02:02:15","modified_gmt":"2020-10-20T02:02:15","slug":"gasalertmicro-5-series","status":"publish","type":"product","link":"https:\/\/fluogas.com\/?product=gasalertmicro-5-series","title":{"rendered":"GasAlertMicro 5 Series"},"content":{"rendered":"<p>Al brindar protecci\u00f3n contra hasta cinco peligros atmosf\u00e9ricos potenciales, incluidos ox\u00edgeno, gases combustibles y t\u00f3xicos, GasAlertMicro 5 no tiene paralelo en su versatilidad, capacidad y valor general.\u00a0La \u00faltima incorporaci\u00f3n de BW Technologies de Honeywell a su l\u00ednea de detectores de gas port\u00e1tiles resistentes al agua ha transformado el mercado con su incomparable variedad de funciones.<\/p>\n<p>Monitoreando y mostrando continuamente concentraciones de hasta cinco gases, el compacto y liviano GasAlertMicro 5 fue dise\u00f1ado y dise\u00f1ado con una amplia variedad de aplicaciones en mente.<\/p>\n<p><strong>Caracter\u00edsticas adicionales:<\/strong><\/p>\n<ul>\n<li>Bota integral a prueba de golpes<\/li>\n<li>Opci\u00f3n de bomba motorizada integral opcional para muestreo remoto<\/li>\n<li>Funciona con tres pilas alcalinas AA o un paquete de pilas recargables intercambiables en caliente<\/li>\n<li>Alarmas triples (audibles, visuales y vibratorias)<\/li>\n<li>Soporte multiling\u00fce en ingl\u00e9s, franc\u00e9s, alem\u00e1n, espa\u00f1ol y portugu\u00e9s<\/li>\n<li>Gran pantalla LCD retroiluminada seleccionable por el usuario<\/li>\n<li>Cuatro niveles de alarma: baja, alta, TWA y STEL<\/li>\n<li>Compatible con la estaci\u00f3n de calibraci\u00f3n y prueba autom\u00e1tica MicroDock II<\/li>\n<li>Los modelos de registro de datos almacenan y recuperan informaci\u00f3n de eventos<\/li>\n<li>Amplia gama de opciones de campo seleccionables por el usuario que incluyen protecci\u00f3n con contrase\u00f1a, modos seguros y sigilosos.<\/li>\n<\/ul>\n","protected":false},"excerpt":{"rendered":"<p>Al brindar protecci\u00f3n contra hasta cinco peligros atmosf\u00e9ricos potenciales, incluidos ox\u00edgeno, gases combustibles y t\u00f3xicos, GasAlertMicro 5 no tiene paralelo en su versatilidad, capacidad y valor general.\u00a0La \u00faltima incorporaci\u00f3n de BW Technologies de Honeywell a su l\u00ednea de detectores de gas port\u00e1tiles resistentes al agua ha transformado el mercado con su incomparable variedad de funciones.<\/p>\n","protected":false},"featured_media":5873,"template":"","meta":[],"_links":{"self":[{"href":"https:\/\/fluogas.com\/index.php?rest_route=\/wp\/v2\/product\/4894"}],"collection":[{"href":"https:\/\/fluogas.com\/index.php?rest_route=\/wp\/v2\/product"}],"about":[{"href":"https:\/\/fluogas.com\/index.php?rest_route=\/wp\/v2\/types\/product"}],"version-history":[{"count":0,"href":"https:\/\/fluogas.com\/index.php?rest_route=\/wp\/v2\/product\/4894\/revisions"}],"wp:featuredmedia":[{"embeddable":true,"href":"https:\/\/fluogas.com\/index.php?rest_route=\/wp\/v2\/media\/5873"}],"wp:attachment":[{"href":"https:\/\/fluogas.com\/index.php?rest_route=%2Fwp%2Fv2%2Fmedia&parent=4894"}],"curies":[{"name":"wp","href":"https:\/\/api.w.org\/{rel}","templated":true}]}}