{"id":4889,"date":"2020-09-23T19:04:25","date_gmt":"2020-09-23T19:04:25","guid":{"rendered":"http:\/\/macher.ga\/fluogas\/?post_type=product&#038;p=4889"},"modified":"2020-10-20T02:03:41","modified_gmt":"2020-10-20T02:03:41","slug":"honeywell-bw-ultra","status":"publish","type":"product","link":"https:\/\/fluogas.com\/?product=honeywell-bw-ultra","title":{"rendered":"Honeywell BW \u2122 Ultra"},"content":{"rendered":"<p>El Honeywell BW \u2122 Ultra es un detector de cinco gases de Honeywell que est\u00e1 dise\u00f1ado espec\u00edficamente para muestrear y monitorear espacios confinados, antes y despu\u00e9s de la entrada.\u00a0Se beneficia de una tecnolog\u00eda de sensores inigualable, visibilidad de las lecturas de gas, comodidad y conectividad, incluso en las condiciones de trabajo m\u00e1s extremas.\u00a0Honeywell BW \u2122 Ultra detecta simult\u00e1neamente los cuatro gases que debe controlar en espacios reducidos.\u00a0Adem\u00e1s, hay un quinto sensor para el gas de su elecci\u00f3n.\u00a0De esta manera, puede agregar un quinto nivel de protecci\u00f3n para sus entradas en espacios confinados.<\/p>\n","protected":false},"excerpt":{"rendered":"<p>El Honeywell BW \u2122 Ultra es un detector de cinco gases de Honeywell que est\u00e1 dise\u00f1ado espec\u00edficamente para muestrear y monitorear espacios confinados, antes y despu\u00e9s de la entrada.<\/p>\n","protected":false},"featured_media":5871,"template":"","meta":[],"_links":{"self":[{"href":"https:\/\/fluogas.com\/index.php?rest_route=\/wp\/v2\/product\/4889"}],"collection":[{"href":"https:\/\/fluogas.com\/index.php?rest_route=\/wp\/v2\/product"}],"about":[{"href":"https:\/\/fluogas.com\/index.php?rest_route=\/wp\/v2\/types\/product"}],"version-history":[{"count":0,"href":"https:\/\/fluogas.com\/index.php?rest_route=\/wp\/v2\/product\/4889\/revisions"}],"wp:featuredmedia":[{"embeddable":true,"href":"https:\/\/fluogas.com\/index.php?rest_route=\/wp\/v2\/media\/5871"}],"wp:attachment":[{"href":"https:\/\/fluogas.com\/index.php?rest_route=%2Fwp%2Fv2%2Fmedia&parent=4889"}],"curies":[{"name":"wp","href":"https:\/\/api.w.org\/{rel}","templated":true}]}}