{"id":4887,"date":"2020-09-23T18:39:27","date_gmt":"2020-09-23T18:39:27","guid":{"rendered":"http:\/\/macher.ga\/fluogas\/?post_type=product&#038;p=4887"},"modified":"2020-10-20T02:18:58","modified_gmt":"2020-10-20T02:18:58","slug":"detector-de-gases-toxicos-e-inflamables-signalpoint","status":"publish","type":"product","link":"https:\/\/fluogas.com\/?product=detector-de-gases-toxicos-e-inflamables-signalpoint","title":{"rendered":"Detector de gases t\u00f3xicos e inflamables Signalpoint"},"content":{"rendered":"<p>Suministrado con una caja de conexiones precableada integral, el detector se puede instalar utilizando conductos o cables y prensaestopas seg\u00fan los est\u00e1ndares individuales del sitio.<\/p>\n<p>Se proporcionan dos arreglos b\u00e1sicos.\u00a0Los detectores de gases inflamables ofrecen una salida de puente de mV para su uso con sistemas de control de gas dedicados (como Unipoint) y est\u00e1n certificados seg\u00fan ATEX para su uso en atm\u00f3sferas potencialmente explosivas.\u00a0Los detectores de ox\u00edgeno y t\u00f3xicos est\u00e1n dise\u00f1ados para su uso en atm\u00f3sferas no explosivas.<\/p>\n<p>Son alimentados por bucle de 2 hilos de 4-20 mA y pueden utilizarse con PLC o sistemas de control de gas dedicados.<\/p>\n","protected":false},"excerpt":{"rendered":"<p>Suministrado con una caja de conexiones precableada integral, el detector se puede instalar utilizando conductos o cables y prensaestopas seg\u00fan los est\u00e1ndares individuales del sitio.<\/p>\n","protected":false},"featured_media":5886,"template":"","meta":[],"_links":{"self":[{"href":"https:\/\/fluogas.com\/index.php?rest_route=\/wp\/v2\/product\/4887"}],"collection":[{"href":"https:\/\/fluogas.com\/index.php?rest_route=\/wp\/v2\/product"}],"about":[{"href":"https:\/\/fluogas.com\/index.php?rest_route=\/wp\/v2\/types\/product"}],"version-history":[{"count":0,"href":"https:\/\/fluogas.com\/index.php?rest_route=\/wp\/v2\/product\/4887\/revisions"}],"wp:featuredmedia":[{"embeddable":true,"href":"https:\/\/fluogas.com\/index.php?rest_route=\/wp\/v2\/media\/5886"}],"wp:attachment":[{"href":"https:\/\/fluogas.com\/index.php?rest_route=%2Fwp%2Fv2%2Fmedia&parent=4887"}],"curies":[{"name":"wp","href":"https:\/\/api.w.org\/{rel}","templated":true}]}}