{"id":4871,"date":"2020-09-23T18:21:11","date_gmt":"2020-09-23T18:21:11","guid":{"rendered":"http:\/\/macher.ga\/fluogas\/?post_type=product&amp;p=4871"},"modified":"2020-09-23T18:21:11","modified_gmt":"2020-09-23T18:21:11","slug":"manning-airalert-96d","status":"publish","type":"product","link":"https:\/\/fluogas.com\/?product=manning-airalert-96d","title":{"rendered":"Manning AirAlert 96d"},"content":{"rendered":"<p><span>El sistema de monitoreo de gas multicanal Manning AirAlertTM 96d est\u00e1 dise\u00f1ado para simplificar la instalaci\u00f3n y el funcionamiento para el monitoreo y control continuo de gases t\u00f3xicos, gases combustibles y peligros de ox\u00edgeno.<\/span><\/p>\n<p><span>El AirAlert \u2122 96d de Manning puede admitir hasta 96 sensores y m\u00f3dulos de rel\u00e9 y proporciona un estado del sistema \u00fanico de un vistazo y se puede mantener con facilidad mediante los controles de botones de men\u00fa.<\/span><\/p>\n<p><span>Este sistema f\u00e1cil de usar se puede personalizar completamente en una aplicaci\u00f3n industrial o comercial utilizando cualquier combinaci\u00f3n de sensores de Honeywell Analytics.\u00a0El Manning AirAlert \u2122 96d tiene el potencial de completar los sistemas de control de la planta al operar de forma independiente, interactuando con \u00e9l para crear un sistema de seguridad independiente confiable.<\/span><\/p>\n","protected":false},"excerpt":{"rendered":"<p>El sistema de monitoreo de gas multicanal Manning AirAlertTM 96d est\u00e1 dise\u00f1ado para simplificar la instalaci\u00f3n y el funcionamiento para el monitoreo y control continuo de gases t\u00f3xicos, gases combustibles y peligros de ox\u00edgeno.<\/p>\n","protected":false},"featured_media":4872,"template":"","meta":[],"_links":{"self":[{"href":"https:\/\/fluogas.com\/index.php?rest_route=\/wp\/v2\/product\/4871"}],"collection":[{"href":"https:\/\/fluogas.com\/index.php?rest_route=\/wp\/v2\/product"}],"about":[{"href":"https:\/\/fluogas.com\/index.php?rest_route=\/wp\/v2\/types\/product"}],"version-history":[{"count":0,"href":"https:\/\/fluogas.com\/index.php?rest_route=\/wp\/v2\/product\/4871\/revisions"}],"wp:featuredmedia":[{"embeddable":true,"href":"https:\/\/fluogas.com\/index.php?rest_route=\/wp\/v2\/media\/4872"}],"wp:attachment":[{"href":"https:\/\/fluogas.com\/index.php?rest_route=%2Fwp%2Fv2%2Fmedia&parent=4871"}],"curies":[{"name":"wp","href":"https:\/\/api.w.org\/{rel}","templated":true}]}}