{"id":4869,"date":"2020-09-23T18:18:32","date_gmt":"2020-09-23T18:18:32","guid":{"rendered":"http:\/\/macher.ga\/fluogas\/?post_type=product&amp;p=4869"},"modified":"2020-09-23T18:18:32","modified_gmt":"2020-09-23T18:18:32","slug":"manning-gm-jr","status":"publish","type":"product","link":"https:\/\/fluogas.com\/?product=manning-gm-jr","title":{"rendered":"Manning GM-JR"},"content":{"rendered":"<p><span>Este dispositivo de alarma \/ lectura de monitor de gas \u00fanico y pr\u00e1ctico ofrece una variedad de opciones de configuraci\u00f3n para los clientes de refrigeraci\u00f3n industrial con su propio sistema de control inform\u00e1tico, los OEM que desean incorporar la detecci\u00f3n de gas en su dise\u00f1o y los clientes existentes de Honeywell Analytics que desean una indicaci\u00f3n remota que no sea en su lectura principal.\u00a0Tiene un punto de ajuste y una salida de rel\u00e9 f\u00e1cilmente ajustables en cualquier configuraci\u00f3n, m\u00e1s una salida de 4\/20 mA en el dise\u00f1o de &#8220;alimentaci\u00f3n directa&#8221;.\u00a0Con su propia fuente de alimentaci\u00f3n enchufable, la combinaci\u00f3n de sensores GM-JR proporciona una respuesta econ\u00f3mica para la informaci\u00f3n del nivel de concentraci\u00f3n local y la capacidad de control.\u00a0<\/span><\/p>\n<p><span>La configuraci\u00f3n est\u00e1ndar del GM-JR es una placa \u00fanica, robusta y miniaturizada montada dentro de la puerta del gabinete y una placa de terminales separada para las conexiones del sensor y \/ o cable de alimentaci\u00f3n.\u00a0El gr\u00e1fico de barras LED de 20 segmentos tiene una escala calibrada que se especifica cuando se solicita.\u00a0Los ajustes de disparo de alarma se realizan f\u00e1cilmente en incrementos del 5%.\u00a0Al encender o despu\u00e9s de una p\u00e9rdida moment\u00e1nea de energ\u00eda, un per\u00edodo de retardo de encendido de un minuto permite que el sensor se estabilice.\u00a0<\/span><\/p>\n","protected":false},"excerpt":{"rendered":"<p>Este dispositivo de alarma \/ lectura de monitor de gas \u00fanico y pr\u00e1ctico ofrece una variedad de opciones de configuraci\u00f3n para los clientes de refrigeraci\u00f3n industrial con su propio sistema de control inform\u00e1tico, los OEM que desean incorporar la detecci\u00f3n de gas en su dise\u00f1o y los clientes existentes de Honeywell Analytics que desean una indicaci\u00f3n remota que no sea en su lectura principal.<\/p>\n","protected":false},"featured_media":4870,"template":"","meta":[],"_links":{"self":[{"href":"https:\/\/fluogas.com\/index.php?rest_route=\/wp\/v2\/product\/4869"}],"collection":[{"href":"https:\/\/fluogas.com\/index.php?rest_route=\/wp\/v2\/product"}],"about":[{"href":"https:\/\/fluogas.com\/index.php?rest_route=\/wp\/v2\/types\/product"}],"version-history":[{"count":0,"href":"https:\/\/fluogas.com\/index.php?rest_route=\/wp\/v2\/product\/4869\/revisions"}],"wp:featuredmedia":[{"embeddable":true,"href":"https:\/\/fluogas.com\/index.php?rest_route=\/wp\/v2\/media\/4870"}],"wp:attachment":[{"href":"https:\/\/fluogas.com\/index.php?rest_route=%2Fwp%2Fv2%2Fmedia&parent=4869"}],"curies":[{"name":"wp","href":"https:\/\/api.w.org\/{rel}","templated":true}]}}