{"id":4866,"date":"2020-09-23T18:16:21","date_gmt":"2020-09-23T18:16:21","guid":{"rendered":"http:\/\/macher.ga\/fluogas\/?post_type=product&#038;p=4866"},"modified":"2020-10-20T02:43:04","modified_gmt":"2020-10-20T02:43:04","slug":"sensepoint-xcd","status":"publish","type":"product","link":"https:\/\/fluogas.com\/?product=sensepoint-xcd","title":{"rendered":"Sensepoint XCD"},"content":{"rendered":"<p>Sensepoint XCD ahora tiene capacidades de monitoreo remoto para sus sensores de ox\u00edgeno y t\u00f3xicos.\u00a0Su capacidad remota est\u00e1 dise\u00f1ada para ofrecer una excelente flexibilidad de uso y es una soluci\u00f3n ideal para lugares o \u00e1reas de dif\u00edcil acceso donde el transmisor debe estar separado del sensor.\u00a0Con el montaje remoto del sensor de ox\u00edgeno y t\u00f3xicos a una distancia de hasta 100 pies (30 m) del transmisor, Sensepoint XCD proporciona una soluci\u00f3n de monitoreo robusta incluso en entornos desafiantes donde la detecci\u00f3n es dif\u00edcil, incluidas aplicaciones donde el punto de detecci\u00f3n est\u00e1 en un \u00e1rea que no est\u00e1 f\u00e1cilmente accesible o donde el detector no ser\u00eda visible, como en \u00e1reas ocultas de alto o bajo nivel o fuera de una habitaci\u00f3n que se est\u00e1 monitoreando.<\/p>\n<div>Sensepoint XCD es f\u00e1cil de usar.\u00a0El sensor simplemente se conecta a la parte inferior del transmisor y el transmisor se configura autom\u00e1ticamente en consecuencia.\u00a0Los usuarios pueden modificar el funcionamiento del detector utilizando la pantalla LCD y los interruptores magn\u00e9ticos sin necesidad de abrir la unidad.\u00a0Esto permite una operaci\u00f3n no intrusiva por una sola persona y reduce el tiempo y los costos de mantenimiento de rutina.<\/div>\n<div><\/div>\n<div>Una pantalla LCD retroiluminada de tres colores indica claramente el estado de la unidad de un vistazo, incluso desde la distancia.\u00a0Una luz de fondo verde fija indica un funcionamiento normal, una luz amarilla intermitente indica una falla y una luz roja intermitente indica una alarma.<\/div>\n","protected":false},"excerpt":{"rendered":"<p>Sensepoint XCD ahora tiene capacidades de monitoreo remoto para sus sensores de ox\u00edgeno y t\u00f3xicos.<\/p>\n","protected":false},"featured_media":5896,"template":"","meta":[],"_links":{"self":[{"href":"https:\/\/fluogas.com\/index.php?rest_route=\/wp\/v2\/product\/4866"}],"collection":[{"href":"https:\/\/fluogas.com\/index.php?rest_route=\/wp\/v2\/product"}],"about":[{"href":"https:\/\/fluogas.com\/index.php?rest_route=\/wp\/v2\/types\/product"}],"version-history":[{"count":0,"href":"https:\/\/fluogas.com\/index.php?rest_route=\/wp\/v2\/product\/4866\/revisions"}],"wp:featuredmedia":[{"embeddable":true,"href":"https:\/\/fluogas.com\/index.php?rest_route=\/wp\/v2\/media\/5896"}],"wp:attachment":[{"href":"https:\/\/fluogas.com\/index.php?rest_route=%2Fwp%2Fv2%2Fmedia&parent=4866"}],"curies":[{"name":"wp","href":"https:\/\/api.w.org\/{rel}","templated":true}]}}