{"id":4864,"date":"2020-09-23T18:13:06","date_gmt":"2020-09-23T18:13:06","guid":{"rendered":"http:\/\/macher.ga\/fluogas\/?post_type=product&#038;p=4864"},"modified":"2020-10-20T02:42:43","modified_gmt":"2020-10-20T02:42:43","slug":"sensepoint-xcd-rtd","status":"publish","type":"product","link":"https:\/\/fluogas.com\/?product=sensepoint-xcd-rtd","title":{"rendered":"Sensepoint XCD RTD"},"content":{"rendered":"<p>Sensepoint XCD RTD de Honeywell Analytics facilita las tareas de su equipo de mantenimiento, su tiempo y su presupuesto cuando se enfrenta al desaf\u00edo de monitorear gases t\u00f3xicos en Clase I, Div.\u00a02 \u00e1reas.\u00a0Puede montar la unidad hasta 100 pies del transmisor para obtener la m\u00e1xima cobertura de detecci\u00f3n de gas en \u00e1reas de dif\u00edcil acceso o donde el sensor no ser\u00eda visible, como en \u00e1reas ocultas de alto o bajo nivel, o detecci\u00f3n fuera de la habitaci\u00f3n que se est\u00e1 monitoreando .\u00a0XCD RTD ofrece una flexibilidad y un rendimiento incomparables a trav\u00e9s de su pantalla f\u00e1cilmente reconocible (patr\u00f3n de sem\u00e1foro) para transmitir el estado de seguridad, las opciones de comunicaci\u00f3n y montaje, y los diagn\u00f3sticos integrados.<\/p>\n","protected":false},"excerpt":{"rendered":"<p>Sensepoint XCD RTD de Honeywell Analytics facilita las tareas de su equipo de mantenimiento, su tiempo y su presupuesto cuando se enfrenta al desaf\u00edo de monitorear gases t\u00f3xicos en Clase I, Div.\u00a02 \u00e1reas.<\/p>\n","protected":false},"featured_media":5896,"template":"","meta":[],"_links":{"self":[{"href":"https:\/\/fluogas.com\/index.php?rest_route=\/wp\/v2\/product\/4864"}],"collection":[{"href":"https:\/\/fluogas.com\/index.php?rest_route=\/wp\/v2\/product"}],"about":[{"href":"https:\/\/fluogas.com\/index.php?rest_route=\/wp\/v2\/types\/product"}],"version-history":[{"count":0,"href":"https:\/\/fluogas.com\/index.php?rest_route=\/wp\/v2\/product\/4864\/revisions"}],"wp:featuredmedia":[{"embeddable":true,"href":"https:\/\/fluogas.com\/index.php?rest_route=\/wp\/v2\/media\/5896"}],"wp:attachment":[{"href":"https:\/\/fluogas.com\/index.php?rest_route=%2Fwp%2Fv2%2Fmedia&parent=4864"}],"curies":[{"name":"wp","href":"https:\/\/api.w.org\/{rel}","templated":true}]}}