{"id":4862,"date":"2020-09-23T18:10:30","date_gmt":"2020-09-23T18:10:30","guid":{"rendered":"http:\/\/macher.ga\/fluogas\/?post_type=product&#038;p=4862"},"modified":"2020-10-20T02:43:30","modified_gmt":"2020-10-20T02:43:30","slug":"sensepoint-xcd-rfd","status":"publish","type":"product","link":"https:\/\/fluogas.com\/?product=sensepoint-xcd-rfd","title":{"rendered":"Sensepoint XCD RFD"},"content":{"rendered":"<p>Sensepoint XCD RFD (Detector remoto de gases inflamables) ha sido dise\u00f1ado espec\u00edficamente para su uso con sensores de gases inflamables montados de forma remota.\u00a0Esta configuraci\u00f3n es ideal para aplicaciones donde se requiere que el sensor se monte de forma remota desde el transmisor en \u00e1reas donde las temperaturas est\u00e1n muy por encima de la temperatura ambiente (hasta 150 \u00b0 C \/ 302 \u00b0 F), o que son de dif\u00edcil acceso.\u00a0El transmisor se puede montar en una ubicaci\u00f3n adecuada lejos de esta \u00e1rea, donde es f\u00e1cil acceder, ver su pantalla e interactuar a trav\u00e9s de la interfaz de usuario.<\/p>\n","protected":false},"excerpt":{"rendered":"<p>Sensepoint XCD RFD (Detector remoto de gases inflamables) ha sido dise\u00f1ado espec\u00edficamente para su uso con sensores de gases inflamables montados de forma remota.<\/p>\n","protected":false},"featured_media":5897,"template":"","meta":[],"_links":{"self":[{"href":"https:\/\/fluogas.com\/index.php?rest_route=\/wp\/v2\/product\/4862"}],"collection":[{"href":"https:\/\/fluogas.com\/index.php?rest_route=\/wp\/v2\/product"}],"about":[{"href":"https:\/\/fluogas.com\/index.php?rest_route=\/wp\/v2\/types\/product"}],"version-history":[{"count":0,"href":"https:\/\/fluogas.com\/index.php?rest_route=\/wp\/v2\/product\/4862\/revisions"}],"wp:featuredmedia":[{"embeddable":true,"href":"https:\/\/fluogas.com\/index.php?rest_route=\/wp\/v2\/media\/5897"}],"wp:attachment":[{"href":"https:\/\/fluogas.com\/index.php?rest_route=%2Fwp%2Fv2%2Fmedia&parent=4862"}],"curies":[{"name":"wp","href":"https:\/\/api.w.org\/{rel}","templated":true}]}}