{"id":4860,"date":"2020-09-23T18:07:58","date_gmt":"2020-09-23T18:07:58","guid":{"rendered":"http:\/\/macher.ga\/fluogas\/?post_type=product&#038;p=4860"},"modified":"2020-10-20T02:44:08","modified_gmt":"2020-10-20T02:44:08","slug":"serie-705-ht-de-sensores-de-gases-inflamables","status":"publish","type":"product","link":"https:\/\/fluogas.com\/?product=serie-705-ht-de-sensores-de-gases-inflamables","title":{"rendered":"Serie 705 HT de sensores de gases inflamables"},"content":{"rendered":"<p>El sensor de alta temperatura Modelo 705 ha sido dise\u00f1ado espec\u00edficamente para la detecci\u00f3n de gases combustibles en \u00e1reas peligrosas de alta temperatura.\u00a0Las aplicaciones t\u00edpicas incluyen recintos de turbinas y hornos de secado utilizados en m\u00e1quinas de recubrimiento e impresi\u00f3n a base de solventes.<\/p>\n<p>Estas aplicaciones requieren un sensor que proporcione una detecci\u00f3n confiable y estable que permita configuraciones de alarma de bajo nivel en un amplio rango de temperatura.\u00a0Utilizando un par de elementos de detecci\u00f3n de gas combustible resistentes al veneno Sieger especialmente combinados, el sensor de alta temperatura modelo 705 tiene una l\u00ednea de base muy estable que permite que los puntos de disparo de alarma se establezcan tan bajo como 5% LEL en un rango de temperatura de -25 \u00b0 C a +150 \u00b0 C (-3 \u00b0 F a + 302 \u00b0 F).\u00a0El rango de medici\u00f3n de gas se puede configurar desde 0-20% LEL hasta 0-100% LEL dependiendo del tipo de controlador utilizado.<\/p>\n<p>Los elementos del detector est\u00e1n alojados en un conjunto a prueba de explosi\u00f3n aprobado por UL para \u00e1reas peligrosas y proporcionan una salida de puente de mV de 3 hilos est\u00e1ndar de la industria que se puede conectar a un dispositivo de control adecuado o convertir a una se\u00f1al de salida anal\u00f3gica a trav\u00e9s de un transmisor de campo.<\/p>\n","protected":false},"excerpt":{"rendered":"<p>El sensor de alta temperatura Modelo 705 ha sido dise\u00f1ado espec\u00edficamente para la detecci\u00f3n de gases combustibles en \u00e1reas peligrosas de alta temperatura.<\/p>\n","protected":false},"featured_media":5898,"template":"","meta":[],"_links":{"self":[{"href":"https:\/\/fluogas.com\/index.php?rest_route=\/wp\/v2\/product\/4860"}],"collection":[{"href":"https:\/\/fluogas.com\/index.php?rest_route=\/wp\/v2\/product"}],"about":[{"href":"https:\/\/fluogas.com\/index.php?rest_route=\/wp\/v2\/types\/product"}],"version-history":[{"count":0,"href":"https:\/\/fluogas.com\/index.php?rest_route=\/wp\/v2\/product\/4860\/revisions"}],"wp:featuredmedia":[{"embeddable":true,"href":"https:\/\/fluogas.com\/index.php?rest_route=\/wp\/v2\/media\/5898"}],"wp:attachment":[{"href":"https:\/\/fluogas.com\/index.php?rest_route=%2Fwp%2Fv2%2Fmedia&parent=4860"}],"curies":[{"name":"wp","href":"https:\/\/api.w.org\/{rel}","templated":true}]}}