{"id":4857,"date":"2020-09-23T18:05:37","date_gmt":"2020-09-23T18:05:37","guid":{"rendered":"http:\/\/macher.ga\/fluogas\/?post_type=product&#038;p=4857"},"modified":"2020-10-20T02:44:40","modified_gmt":"2020-10-20T02:44:40","slug":"detector-de-gases-toxicos-e-inflamables-sensepoint","status":"publish","type":"product","link":"https:\/\/fluogas.com\/?product=detector-de-gases-toxicos-e-inflamables-sensepoint","title":{"rendered":"Detector de gases t\u00f3xicos e inflamables Sensepoint"},"content":{"rendered":"<p>La gama Sensepoint de detectores de gases inflamables, t\u00f3xicos y de ox\u00edgeno ofrece a los usuarios una soluci\u00f3n de alta calidad y bajo costo para sus necesidades de monitoreo de gases industriales. La instalaci\u00f3n en atm\u00f3sferas potencialmente explosivas se realiza mediante el uso de una caja de conexiones aprobada por Exd o Exe adecuada.\u00a0Las salidas est\u00e1ndar de la industria de Sensepoint est\u00e1n conectadas a una selecci\u00f3n de controladores de Honeywell Analytics o sistemas DCS \/ PLC de terceros.\u00a0Tanto las versiones inflamables como las t\u00f3xicas est\u00e1n certificadas seg\u00fan los \u00faltimos est\u00e1ndares europeos de seguridad y rendimiento ATEX.<\/p>\n<p>El detector de inflamables est\u00e1 disponible en versiones de rango de detecci\u00f3n de% LEL o PPM y proporciona una salida de puente mV est\u00e1ndar de la industria.\u00a0La esperanza de vida t\u00edpica es superior a 5 a\u00f1os, despu\u00e9s de lo cual el detector simplemente se reemplaza por uno nuevo.<\/p>\n","protected":false},"excerpt":{"rendered":"<p>La gama Sensepoint de detectores de gases inflamables, t\u00f3xicos y de ox\u00edgeno ofrece a los usuarios una soluci\u00f3n de alta calidad y bajo costo para sus necesidades de monitoreo de gases industriales.<\/p>\n","protected":false},"featured_media":5899,"template":"","meta":[],"_links":{"self":[{"href":"https:\/\/fluogas.com\/index.php?rest_route=\/wp\/v2\/product\/4857"}],"collection":[{"href":"https:\/\/fluogas.com\/index.php?rest_route=\/wp\/v2\/product"}],"about":[{"href":"https:\/\/fluogas.com\/index.php?rest_route=\/wp\/v2\/types\/product"}],"version-history":[{"count":0,"href":"https:\/\/fluogas.com\/index.php?rest_route=\/wp\/v2\/product\/4857\/revisions"}],"wp:featuredmedia":[{"embeddable":true,"href":"https:\/\/fluogas.com\/index.php?rest_route=\/wp\/v2\/media\/5899"}],"wp:attachment":[{"href":"https:\/\/fluogas.com\/index.php?rest_route=%2Fwp%2Fv2%2Fmedia&parent=4857"}],"curies":[{"name":"wp","href":"https:\/\/api.w.org\/{rel}","templated":true}]}}