{"id":4849,"date":"2020-09-23T17:54:03","date_gmt":"2020-09-23T17:54:03","guid":{"rendered":"http:\/\/macher.ga\/fluogas\/?post_type=product&#038;p=4849"},"modified":"2020-10-20T12:28:28","modified_gmt":"2020-10-20T12:28:28","slug":"detectores-de-llama-fsl100","status":"publish","type":"product","link":"https:\/\/fluogas.com\/?product=detectores-de-llama-fsl100","title":{"rendered":"Detectores de llama FSL100"},"content":{"rendered":"<div class=\"product-description-text\">La gama FSL100 de Honeywell de detectores de llamas industriales \/ comerciales ligeros permite una cobertura sencilla de \u00e1reas de riesgo de incendio en muchas aplicaciones de riesgo de incendio.\u00a0La instalaci\u00f3n, configuraci\u00f3n y operaci\u00f3n son simples.\u00a0La amplia cobertura de \u00e1rea s\u00f3lida y la r\u00e1pida velocidad de respuesta optimizan la seguridad.\u00a0Con la prueba autom\u00e1tica incorporada y las l\u00e1mparas de prueba disponibles para todos los modelos, se garantiza la confiabilidad.<\/div>\n<div id=\"main_1_divFeaturesBenefitsHeading\" class=\"product-features-title\">caracter\u00edsticas y beneficios<\/div>\n","protected":false},"excerpt":{"rendered":"<p>La gama FSL100 de Honeywell de detectores de llamas industriales \/ comerciales ligeros permite una cobertura sencilla de \u00e1reas de riesgo de incendio en muchas aplicaciones de riesgo de incendio.<\/p>\n","protected":false},"featured_media":5905,"template":"","meta":[],"_links":{"self":[{"href":"https:\/\/fluogas.com\/index.php?rest_route=\/wp\/v2\/product\/4849"}],"collection":[{"href":"https:\/\/fluogas.com\/index.php?rest_route=\/wp\/v2\/product"}],"about":[{"href":"https:\/\/fluogas.com\/index.php?rest_route=\/wp\/v2\/types\/product"}],"version-history":[{"count":0,"href":"https:\/\/fluogas.com\/index.php?rest_route=\/wp\/v2\/product\/4849\/revisions"}],"wp:featuredmedia":[{"embeddable":true,"href":"https:\/\/fluogas.com\/index.php?rest_route=\/wp\/v2\/media\/5905"}],"wp:attachment":[{"href":"https:\/\/fluogas.com\/index.php?rest_route=%2Fwp%2Fv2%2Fmedia&parent=4849"}],"curies":[{"name":"wp","href":"https:\/\/api.w.org\/{rel}","templated":true}]}}