{"id":4847,"date":"2020-09-23T17:51:03","date_gmt":"2020-09-23T17:51:03","guid":{"rendered":"http:\/\/macher.ga\/fluogas\/?post_type=product&#038;p=4847"},"modified":"2020-10-20T12:28:53","modified_gmt":"2020-10-20T12:28:53","slug":"raeguard-2-pid","status":"publish","type":"product","link":"https:\/\/fluogas.com\/?product=raeguard-2-pid","title":{"rendered":"RAEGuard 2 PID"},"content":{"rendered":"<p>RAEGuard 2 PID es un detector de fotoionizaci\u00f3n fijo (PID) que mide una amplia gama de compuestos org\u00e1nicos vol\u00e1tiles (COV).\u00a0El RAEGuard 2 PID funciona con 10 a 28 VCC y proporciona una salida de se\u00f1al anal\u00f3gica (4-20 mA) de tres cables y una salida de se\u00f1al digital RS-485 Modbus.\u00a0La calibraci\u00f3n y el mantenimiento se han simplificado enormemente ya que el m\u00f3dulo PID digital se puede quitar f\u00e1cilmente en ubicaciones peligrosas para calibraci\u00f3n o mantenimiento.<\/p>\n<p>El RAEGuard 2 PID tiene una pantalla gr\u00e1fica y una alarma de sonido local y un indicador de estado de luz LED.\u00a0Adem\u00e1s, los rel\u00e9s de baja, alta y falla se pueden configurar para activar alarmas externas o controles de proceso.\u00a0Una interfaz de llave magn\u00e9tica permite calibrar el detector y ajustar los par\u00e1metros operativos con la carcasa a prueba de explosiones en su lugar.<\/p>\n","protected":false},"excerpt":{"rendered":"<p>RAEGuard 2 PID es un detector de fotoionizaci\u00f3n fijo (PID) que mide una amplia gama de compuestos org\u00e1nicos vol\u00e1tiles (COV).\u00a0El RAEGuard 2 PID funciona con 10 a 28 VCC y proporciona una salida de se\u00f1al anal\u00f3gica (4-20 mA) de tres cables y una salida de se\u00f1al digital RS-485 Modbus.<\/p>\n","protected":false},"featured_media":5906,"template":"","meta":[],"_links":{"self":[{"href":"https:\/\/fluogas.com\/index.php?rest_route=\/wp\/v2\/product\/4847"}],"collection":[{"href":"https:\/\/fluogas.com\/index.php?rest_route=\/wp\/v2\/product"}],"about":[{"href":"https:\/\/fluogas.com\/index.php?rest_route=\/wp\/v2\/types\/product"}],"version-history":[{"count":0,"href":"https:\/\/fluogas.com\/index.php?rest_route=\/wp\/v2\/product\/4847\/revisions"}],"wp:featuredmedia":[{"embeddable":true,"href":"https:\/\/fluogas.com\/index.php?rest_route=\/wp\/v2\/media\/5906"}],"wp:attachment":[{"href":"https:\/\/fluogas.com\/index.php?rest_route=%2Fwp%2Fv2%2Fmedia&parent=4847"}],"curies":[{"name":"wp","href":"https:\/\/api.w.org\/{rel}","templated":true}]}}