{"id":4845,"date":"2020-09-23T17:46:56","date_gmt":"2020-09-23T17:46:56","guid":{"rendered":"http:\/\/macher.ga\/fluogas\/?post_type=product&#038;p=4845"},"modified":"2020-10-20T12:29:18","modified_gmt":"2020-10-20T12:29:18","slug":"meshguard-de-acero-inoxidable","status":"publish","type":"product","link":"https:\/\/fluogas.com\/?product=meshguard-de-acero-inoxidable","title":{"rendered":"MeshGuard de acero inoxidable"},"content":{"rendered":"<p>MeshGuard es el sistema de detecci\u00f3n de gas l\u00edder que se implementa r\u00e1pidamente en numerosas aplicaciones de monitoreo remoto e industrial.\u00a0MeshGuard no solo salva vidas, sino tambi\u00e9n decenas de miles de d\u00f3lares en cumplimiento de regulaciones y procesamiento de informaci\u00f3n.\u00a0MeshGuard es totalmente compatible con la\u00a0\u00a0\u00a0plataforma de software\u00a0<a href=\"http:\/\/www.raesystems.com\/products\/prorae-guardian\">ProRAE Guardian<\/a>\u00a0.<\/p>\n<p>MeshGuard combina la tecnolog\u00eda de detecci\u00f3n de gas m\u00e1s avanzada para aplicaciones de seguridad industrial con lo \u00faltimo en sistemas de datos conectados.\u00a0Debido a que el sistema incluye potentes sensores inal\u00e1mbricos que se pueden implementar r\u00e1pidamente en cualquier entorno, MeshGuard elimina la necesidad de proyectos de instalaci\u00f3n largos y costosos.\u00a0Al detectar y registrar una amplia gama de gases mortales y transmitir r\u00e1pidamente los datos a un sistema central f\u00e1cil de entender, el personal de seguridad tiene informaci\u00f3n actualizada de toda la red de sensores al toque de un dedo.<\/p>\n","protected":false},"excerpt":{"rendered":"<p>MeshGuard es el sistema de detecci\u00f3n de gas l\u00edder que se implementa r\u00e1pidamente en numerosas aplicaciones de monitoreo remoto e industrial.<\/p>\n","protected":false},"featured_media":5907,"template":"","meta":[],"_links":{"self":[{"href":"https:\/\/fluogas.com\/index.php?rest_route=\/wp\/v2\/product\/4845"}],"collection":[{"href":"https:\/\/fluogas.com\/index.php?rest_route=\/wp\/v2\/product"}],"about":[{"href":"https:\/\/fluogas.com\/index.php?rest_route=\/wp\/v2\/types\/product"}],"version-history":[{"count":0,"href":"https:\/\/fluogas.com\/index.php?rest_route=\/wp\/v2\/product\/4845\/revisions"}],"wp:featuredmedia":[{"embeddable":true,"href":"https:\/\/fluogas.com\/index.php?rest_route=\/wp\/v2\/media\/5907"}],"wp:attachment":[{"href":"https:\/\/fluogas.com\/index.php?rest_route=%2Fwp%2Fv2%2Fmedia&parent=4845"}],"curies":[{"name":"wp","href":"https:\/\/api.w.org\/{rel}","templated":true}]}}