{"id":4843,"date":"2020-09-23T17:43:28","date_gmt":"2020-09-23T17:43:28","guid":{"rendered":"http:\/\/macher.ga\/fluogas\/?post_type=product&#038;p=4843"},"modified":"2020-10-20T12:29:41","modified_gmt":"2020-10-20T12:29:41","slug":"sensepoint-xrl-2","status":"publish","type":"product","link":"https:\/\/fluogas.com\/?product=sensepoint-xrl-2","title":{"rendered":"Sensepoint XCL"},"content":{"rendered":"<p>Sensepoint XCL es un detector de gas fijo que ofrece la seguridad y el cumplimiento que espera, adem\u00e1s de la asequibilidad y la facilidad de uso que usted no tiene.\u00a0Fue dise\u00f1ado especialmente para aplicaciones comerciales e industriales ligeras, brindando la cantidad justa de funcionalidad para proteger a las personas en sus instalaciones y garantizar el cumplimiento de las regulaciones.\u00a0Sensepoint XCL combina una carcasa mec\u00e1nica simple pero robusta con una aplicaci\u00f3n de detector de gas, por lo que puede utilizar la tecnolog\u00eda diaria para configurar y mantener su detector de gas y volver r\u00e1pidamente al trabajo.\u00a0Sensepoint XCL est\u00e1 disponible como detector de gases inflamables para la detecci\u00f3n de gases potencialmente explosivos, o como detector de gases t\u00f3xicos para la detecci\u00f3n de una variedad de peligros de gases t\u00f3xicos que se encuentran com\u00fanmente en locales comerciales.<\/p>\n","protected":false},"excerpt":{"rendered":"<p>Sensepoint XCL es un detector de gas fijo que ofrece la seguridad y el cumplimiento que espera, adem\u00e1s de la asequibilidad y la facilidad de uso que usted no tiene.<\/p>\n","protected":false},"featured_media":5908,"template":"","meta":[],"_links":{"self":[{"href":"https:\/\/fluogas.com\/index.php?rest_route=\/wp\/v2\/product\/4843"}],"collection":[{"href":"https:\/\/fluogas.com\/index.php?rest_route=\/wp\/v2\/product"}],"about":[{"href":"https:\/\/fluogas.com\/index.php?rest_route=\/wp\/v2\/types\/product"}],"version-history":[{"count":0,"href":"https:\/\/fluogas.com\/index.php?rest_route=\/wp\/v2\/product\/4843\/revisions"}],"wp:featuredmedia":[{"embeddable":true,"href":"https:\/\/fluogas.com\/index.php?rest_route=\/wp\/v2\/media\/5908"}],"wp:attachment":[{"href":"https:\/\/fluogas.com\/index.php?rest_route=%2Fwp%2Fv2%2Fmedia&parent=4843"}],"curies":[{"name":"wp","href":"https:\/\/api.w.org\/{rel}","templated":true}]}}