{"id":4839,"date":"2020-09-23T17:38:02","date_gmt":"2020-09-23T17:38:02","guid":{"rendered":"http:\/\/macher.ga\/fluogas\/?post_type=product&#038;p=4839"},"modified":"2020-10-20T12:38:39","modified_gmt":"2020-10-20T12:38:39","slug":"searchzone-sonik","status":"publish","type":"product","link":"https:\/\/fluogas.com\/?product=searchzone-sonik","title":{"rendered":"Searchzone Sonik \u2122"},"content":{"rendered":"<p>Un dispositivo de detecci\u00f3n de fugas de gas robusto y confiable, Searchzone Sonik &#8220;escuchar\u00e1&#8221; eficientemente la p\u00e9rdida de contenci\u00f3n de cualquier gas a alta presi\u00f3n dentro de su zona de escucha. Como responde al nivel de presi\u00f3n de sonido ultras\u00f3nico producido por fugas de gas presurizado, no se ve afectado por las condiciones ambientales.<\/p>\n<p>Searchzone Sonik viene calibrado de f\u00e1brica. Su robusto dise\u00f1o sellado sin partes m\u00f3viles y el avanzado sensor de estado s\u00f3lido permiten el montaje en cualquier orientaci\u00f3n, incluso en los entornos m\u00e1s hostiles. El detector de fugas de gas ac\u00fastico responder\u00e1 r\u00e1pidamente a una fuga de gas dentro de un radio de alcance de detecci\u00f3n de 20 m (65 pies), dependiendo del ruido de fondo.<\/p>\n","protected":false},"excerpt":{"rendered":"<p>Un dispositivo de detecci\u00f3n de fugas de gas robusto y confiable, Searchzone Sonik &#8220;escuchar\u00e1&#8221; eficientemente la p\u00e9rdida de contenci\u00f3n de cualquier gas a alta presi\u00f3n dentro de su zona de escucha.<\/p>\n","protected":false},"featured_media":5910,"template":"","meta":[],"_links":{"self":[{"href":"https:\/\/fluogas.com\/index.php?rest_route=\/wp\/v2\/product\/4839"}],"collection":[{"href":"https:\/\/fluogas.com\/index.php?rest_route=\/wp\/v2\/product"}],"about":[{"href":"https:\/\/fluogas.com\/index.php?rest_route=\/wp\/v2\/types\/product"}],"version-history":[{"count":0,"href":"https:\/\/fluogas.com\/index.php?rest_route=\/wp\/v2\/product\/4839\/revisions"}],"wp:featuredmedia":[{"embeddable":true,"href":"https:\/\/fluogas.com\/index.php?rest_route=\/wp\/v2\/media\/5910"}],"wp:attachment":[{"href":"https:\/\/fluogas.com\/index.php?rest_route=%2Fwp%2Fv2%2Fmedia&parent=4839"}],"curies":[{"name":"wp","href":"https:\/\/api.w.org\/{rel}","templated":true}]}}