{"id":4837,"date":"2020-09-23T17:35:46","date_gmt":"2020-09-23T17:35:46","guid":{"rendered":"http:\/\/macher.ga\/fluogas\/?post_type=product&#038;p=4837"},"modified":"2020-10-20T12:38:58","modified_gmt":"2020-10-20T12:38:58","slug":"oeld-optima-excel-local-display","status":"publish","type":"product","link":"https:\/\/fluogas.com\/?product=oeld-optima-excel-local-display","title":{"rendered":"OELD (Optima Excel Local Display)"},"content":{"rendered":"<p>La pantalla local Optima Excel (OELD) es una caja de conexiones inteligente para los detectores infrarrojos Searchpoint Optima Plus y Searchline Excel para hidrocarburos inflamables.\u00a0Adem\u00e1s de proporcionar un puente de comunicaciones de 4 a 20 mA entre el detector y el controlador, la pantalla local del sensor de gas incluye una pantalla LCD para lectura e informaci\u00f3n de estado, un indicador de &#8220;sem\u00e1foro&#8221; para el estado del detector de un vistazo y Bluetooth Conectividad de bajo consumo energ\u00e9tico (BLE) para un mantenimiento simplificado y no intrusivo.\u00a0Simplemente empareje el OELD con nuestro tel\u00e9fono inteligente robusto e intr\u00ednsecamente seguro;\u00a0luego use la aplicaci\u00f3n de tel\u00e9fono inteligente OELD para interactuar con el detector de gas desde una distancia de hasta 10 metros.<\/p>\n","protected":false},"excerpt":{"rendered":"<p>La pantalla local Optima Excel (OELD) es una caja de conexiones inteligente para los detectores infrarrojos Searchpoint Optima Plus y Searchline Excel para hidrocarburos inflamables.<\/p>\n","protected":false},"featured_media":5911,"template":"","meta":[],"_links":{"self":[{"href":"https:\/\/fluogas.com\/index.php?rest_route=\/wp\/v2\/product\/4837"}],"collection":[{"href":"https:\/\/fluogas.com\/index.php?rest_route=\/wp\/v2\/product"}],"about":[{"href":"https:\/\/fluogas.com\/index.php?rest_route=\/wp\/v2\/types\/product"}],"version-history":[{"count":0,"href":"https:\/\/fluogas.com\/index.php?rest_route=\/wp\/v2\/product\/4837\/revisions"}],"wp:featuredmedia":[{"embeddable":true,"href":"https:\/\/fluogas.com\/index.php?rest_route=\/wp\/v2\/media\/5911"}],"wp:attachment":[{"href":"https:\/\/fluogas.com\/index.php?rest_route=%2Fwp%2Fv2%2Fmedia&parent=4837"}],"curies":[{"name":"wp","href":"https:\/\/api.w.org\/{rel}","templated":true}]}}