{"id":4834,"date":"2020-09-23T17:33:18","date_gmt":"2020-09-23T17:33:18","guid":{"rendered":"http:\/\/macher.ga\/fluogas\/?post_type=product&#038;p=4834"},"modified":"2020-10-20T12:39:30","modified_gmt":"2020-10-20T12:39:30","slug":"transmisor-universal-xnx","status":"publish","type":"product","link":"https:\/\/fluogas.com\/?product=transmisor-universal-xnx","title":{"rendered":"Transmisor universal XNX \u2122"},"content":{"rendered":"<p>La ventaja de XNX proviene de una plataforma universal f\u00e1cil de usar y de bajo mantenimiento que funciona con otros equipos de seguridad en un sistema de bus digital, incluido el propio Searchline Excel de Honeywell Analytics, Optima u otros detectores de gas, PLC est\u00e1ndar de la industria y gas de terceros. controladores de seguimiento.<\/p>\n<p>&nbsp;<\/p>\n<p>XNX admite monitores de gas de perlas electroqu\u00edmicas, infrarrojas y catal\u00edticas y utiliza cableado est\u00e1ndar de 4-20 mA y HART;\u00a0Las opciones incluyen Modbus, Fieldbus (pendiente) hasta tres rel\u00e9s y un adaptador Hart local para configuraci\u00f3n y diagn\u00f3stico utilizando dispositivos port\u00e1tiles HART existentes.<\/p>\n<p>Con m\u00e1s de 200 configuraciones \u00fanicas, XNX satisface los requisitos intr\u00ednsecamente seguros y a prueba de explosiones de Clase 1 \/ Clase 2 en las industrias de petr\u00f3leo, qu\u00edmica, aguas residuales y otras industrias aguas arriba \/ aguas abajo.<\/p>\n<p>La caja est\u00e1 disponible en acero inoxidable o aluminio, con un revestimiento de grado marino.\u00a0Cinco puertos roscados, disponibles en versiones m\u00e9tricas o NPT, y las opciones de montaje reforzadas brindan la m\u00e1xima flexibilidad de instalaci\u00f3n.\u00a0La instrumentaci\u00f3n basada en diversas tecnolog\u00edas de detecci\u00f3n se puede conectar localmente al transmisor o de forma remota con los accesorios adecuados.<\/p>\n","protected":false},"excerpt":{"rendered":"<p>La ventaja de XNX proviene de una plataforma universal f\u00e1cil de usar y de bajo mantenimiento que funciona con otros equipos de seguridad en un sistema de bus digital, incluido el propio Searchline Excel de Honeywell Analytics, Optima u otros detectores de gas, PLC est\u00e1ndar de la industria y gas de terceros.<\/p>\n","protected":false},"featured_media":5912,"template":"","meta":[],"_links":{"self":[{"href":"https:\/\/fluogas.com\/index.php?rest_route=\/wp\/v2\/product\/4834"}],"collection":[{"href":"https:\/\/fluogas.com\/index.php?rest_route=\/wp\/v2\/product"}],"about":[{"href":"https:\/\/fluogas.com\/index.php?rest_route=\/wp\/v2\/types\/product"}],"version-history":[{"count":0,"href":"https:\/\/fluogas.com\/index.php?rest_route=\/wp\/v2\/product\/4834\/revisions"}],"wp:featuredmedia":[{"embeddable":true,"href":"https:\/\/fluogas.com\/index.php?rest_route=\/wp\/v2\/media\/5912"}],"wp:attachment":[{"href":"https:\/\/fluogas.com\/index.php?rest_route=%2Fwp%2Fv2%2Fmedia&parent=4834"}],"curies":[{"name":"wp","href":"https:\/\/api.w.org\/{rel}","templated":true}]}}