{"id":4832,"date":"2020-09-23T17:25:07","date_gmt":"2020-09-23T17:25:07","guid":{"rendered":"http:\/\/macher.ga\/fluogas\/?post_type=product&#038;p=4832"},"modified":"2020-10-20T12:39:54","modified_gmt":"2020-10-20T12:39:54","slug":"touchpoint-plus-controller","status":"publish","type":"product","link":"https:\/\/fluogas.com\/?product=touchpoint-plus-controller","title":{"rendered":"Touchpoint\u2122 Plus Controller"},"content":{"rendered":"<p>Touchpoint\u2122 Plus lleva la experiencia del usuario al siguiente nivel. Con una interfaz de usuario \u00fanica, los operadores pueden tener el control de su sistema de detecci\u00f3n de gas, confiados en que su sitio y su personal est\u00e1n protegidos, y la productividad se mantiene.<\/p>\n<p>Dise\u00f1ada para trabajar en diversas industrias, la arquitectura modular de Touchpoint\u2122 Plus le permite personalizar el sistema para satisfacer sus requisitos espec\u00edficos relacionados con la aplicaci\u00f3n.<\/p>\n","protected":false},"excerpt":{"rendered":"<p>Touchpoint\u2122 Plus lleva la experiencia del usuario al siguiente nivel. Con una interfaz de usuario \u00fanica, los operadores pueden tener el control de su sistema de detecci\u00f3n de gas, confiados en que su sitio y su personal est\u00e1n protegidos, y la productividad se mantiene.<\/p>\n","protected":false},"featured_media":5913,"template":"","meta":[],"_links":{"self":[{"href":"https:\/\/fluogas.com\/index.php?rest_route=\/wp\/v2\/product\/4832"}],"collection":[{"href":"https:\/\/fluogas.com\/index.php?rest_route=\/wp\/v2\/product"}],"about":[{"href":"https:\/\/fluogas.com\/index.php?rest_route=\/wp\/v2\/types\/product"}],"version-history":[{"count":1,"href":"https:\/\/fluogas.com\/index.php?rest_route=\/wp\/v2\/product\/4832\/revisions"}],"predecessor-version":[{"id":5915,"href":"https:\/\/fluogas.com\/index.php?rest_route=\/wp\/v2\/product\/4832\/revisions\/5915"}],"wp:featuredmedia":[{"embeddable":true,"href":"https:\/\/fluogas.com\/index.php?rest_route=\/wp\/v2\/media\/5913"}],"wp:attachment":[{"href":"https:\/\/fluogas.com\/index.php?rest_route=%2Fwp%2Fv2%2Fmedia&parent=4832"}],"curies":[{"name":"wp","href":"https:\/\/api.w.org\/{rel}","templated":true}]}}