{"id":4807,"date":"2020-09-11T17:26:06","date_gmt":"2020-09-11T17:26:06","guid":{"rendered":"http:\/\/macher.ga\/fluogas\/?post_type=product&#038;p=4807"},"modified":"2020-10-20T12:52:45","modified_gmt":"2020-10-20T12:52:45","slug":"serie-5000-de-vacio","status":"publish","type":"product","link":"https:\/\/fluogas.com\/?product=serie-5000-de-vacio","title":{"rendered":"Serie 5000 (de vac\u00edo)"},"content":{"rendered":"<p>Los interruptores de vac\u00edo Serie 5000 de Honeywell resisten aplicaciones de uso intensivo. Los interruptores vienen configurados de f\u00e1brica y cuentan con un diafragma de caucho de fluorosilicona para brindar compatibilidad con una amplia gama de fluidos. Disponibles con diversas terminaciones, que incluyen Metri-Pack, forman un sello ajustado al conectarse. Los beneficios de dise\u00f1o incluyen una construcci\u00f3n resistente, tama\u00f1o compacto e integridad mejorada de puntos definidos.<\/p>\n","protected":false},"excerpt":{"rendered":"<p>Los interruptores de vac\u00edo Serie 5000 de Honeywell resisten aplicaciones de uso intensivo. Los interruptores vienen configurados de f\u00e1brica y cuentan con un diafragma de caucho de fluorosilicona para brindar compatibilidad con una amplia gama de fluidos.<\/p>\n","protected":false},"featured_media":5926,"template":"","meta":[],"_links":{"self":[{"href":"https:\/\/fluogas.com\/index.php?rest_route=\/wp\/v2\/product\/4807"}],"collection":[{"href":"https:\/\/fluogas.com\/index.php?rest_route=\/wp\/v2\/product"}],"about":[{"href":"https:\/\/fluogas.com\/index.php?rest_route=\/wp\/v2\/types\/product"}],"version-history":[{"count":0,"href":"https:\/\/fluogas.com\/index.php?rest_route=\/wp\/v2\/product\/4807\/revisions"}],"wp:featuredmedia":[{"embeddable":true,"href":"https:\/\/fluogas.com\/index.php?rest_route=\/wp\/v2\/media\/5926"}],"wp:attachment":[{"href":"https:\/\/fluogas.com\/index.php?rest_route=%2Fwp%2Fv2%2Fmedia&parent=4807"}],"curies":[{"name":"wp","href":"https:\/\/api.w.org\/{rel}","templated":true}]}}