{"id":4791,"date":"2020-09-11T17:11:27","date_gmt":"2020-09-11T17:11:27","guid":{"rendered":"http:\/\/macher.ga\/fluogas\/?post_type=product&#038;p=4791"},"modified":"2020-10-20T14:25:41","modified_gmt":"2020-10-20T14:25:41","slug":"serie-924ce","status":"publish","type":"product","link":"https:\/\/fluogas.com\/?product=serie-924ce","title":{"rendered":"Serie 924CE"},"content":{"rendered":"<p>Los interruptores de seguridad electromec\u00e1nicos miniatura Serie 924CE est\u00e1n dise\u00f1ados con una carcasa de metal resistente. Esta serie cuenta con contactos normalmente cerrados de apertura positiva seg\u00fan las especificaciones de la norma EN\/IEC\u00a060947-5-1-3. Gracias a su tama\u00f1o peque\u00f1o y contactos normalmente cerrados de apertura positiva, la Serie 924CE ofrece una soluci\u00f3n de seguridad para aplicaciones en las que el tama\u00f1o de otros productos podr\u00eda ser prohibitivo en la maquinaria. La Serie 924CE ofrece una variedad de configuraciones que incluyen una amplia gama de actuadores, circuitos y terminaciones el\u00e9ctricas para resolver muchos problemas de aplicaciones. Estos interruptores miniatura tienen sellado IP66 a prueba de factores ambientales para ambientes demandantes en maquinaria en interiores o al aire libre. Asimismo, se han evaluado las funciones de seguridad de la Serie\u00a0924CE conforme a un est\u00e1ndar SIL (nivel de integridad de seguridad) de SIL3 seg\u00fan los requisitos de IEC\u00a061508-2:2010.<\/p>\n","protected":false},"excerpt":{"rendered":"<p>Los interruptores de seguridad electromec\u00e1nicos miniatura Serie 924CE est\u00e1n dise\u00f1ados con una carcasa de metal resistente.<\/p>\n","protected":false},"featured_media":5938,"template":"","meta":[],"_links":{"self":[{"href":"https:\/\/fluogas.com\/index.php?rest_route=\/wp\/v2\/product\/4791"}],"collection":[{"href":"https:\/\/fluogas.com\/index.php?rest_route=\/wp\/v2\/product"}],"about":[{"href":"https:\/\/fluogas.com\/index.php?rest_route=\/wp\/v2\/types\/product"}],"version-history":[{"count":0,"href":"https:\/\/fluogas.com\/index.php?rest_route=\/wp\/v2\/product\/4791\/revisions"}],"wp:featuredmedia":[{"embeddable":true,"href":"https:\/\/fluogas.com\/index.php?rest_route=\/wp\/v2\/media\/5938"}],"wp:attachment":[{"href":"https:\/\/fluogas.com\/index.php?rest_route=%2Fwp%2Fv2%2Fmedia&parent=4791"}],"curies":[{"name":"wp","href":"https:\/\/api.w.org\/{rel}","templated":true}]}}