{"id":4777,"date":"2020-09-11T17:01:54","date_gmt":"2020-09-11T17:01:54","guid":{"rendered":"http:\/\/macher.ga\/fluogas\/?post_type=product&#038;p=4777"},"modified":"2020-10-20T14:32:42","modified_gmt":"2020-10-20T14:32:42","slug":"serie-gk","status":"publish","type":"product","link":"https:\/\/fluogas.com\/?product=serie-gk","title":{"rendered":"Serie GK"},"content":{"rendered":"<div id=\"showMoreText3\" class=\"honShowMore\">\n<p>Los interruptores Serie GK MICRO SWITCH son interruptores de metal resistente con enclavamiento de seguridad operados con llave que monitorean las posiciones de compuertas, guardas o puertas. La llave est\u00e1 sujeta a la porci\u00f3n m\u00f3vil de la compuerta, guarda o puerta. Cuando la compuerta est\u00e1 cerrada, la llave se inserta en el interruptor GK para indicar una posici\u00f3n segura (compuerta cerrada) y para que el proceso de la m\u00e1quina pueda comenzar. Los contactos normalmente cerrados de apertura positiva se mantienen cerrados cuando la llave est\u00e1 insertada en el interruptor\u00a0GK. Si se abre la compuerta, se quita la llave del interruptor. Esta acci\u00f3n abre los contactos normalmente cerrados del interruptor e interrumpe el circuito de control de la m\u00e1quina.<\/p>\n<p>Los interruptores Serie\u00a0GK est\u00e1n dise\u00f1ados con posiciones de entrada doble para la llave. La llave puede insertarse desde la parte superior o lateral del interruptor, lo cual brinda m\u00e1s flexibilidad para montar el interruptor en la aplicaci\u00f3n. Hay cuatro estilos diferentes de llaves y una variedad de disposiciones de contactos del interruptor para reunir los requisitos de la mayor\u00eda de las aplicaciones que requieren un interruptor de llave con enclavamiento de seguridad. Los interruptores Serie\u00a0GK est\u00e1n dise\u00f1ados con una caracter\u00edstica \u00fanica de fricci\u00f3n para la retenci\u00f3n de la llave. Se han evaluado las funciones de seguridad de los interruptores de la Serie\u00a0GK conforme a un est\u00e1ndar SIL (nivel de integridad de seguridad) de SIL3 seg\u00fan los requisitos de IEC\u00a061508-2:2010.<\/p>\n<\/div>\n","protected":false},"excerpt":{"rendered":"<p>Los interruptores Serie GK MICRO SWITCH son interruptores de metal resistente con enclavamiento de seguridad operados con llave que monitorean las posiciones de compuertas, guardas o puertas.<\/p>\n","protected":false},"featured_media":5944,"template":"","meta":[],"_links":{"self":[{"href":"https:\/\/fluogas.com\/index.php?rest_route=\/wp\/v2\/product\/4777"}],"collection":[{"href":"https:\/\/fluogas.com\/index.php?rest_route=\/wp\/v2\/product"}],"about":[{"href":"https:\/\/fluogas.com\/index.php?rest_route=\/wp\/v2\/types\/product"}],"version-history":[{"count":0,"href":"https:\/\/fluogas.com\/index.php?rest_route=\/wp\/v2\/product\/4777\/revisions"}],"wp:featuredmedia":[{"embeddable":true,"href":"https:\/\/fluogas.com\/index.php?rest_route=\/wp\/v2\/media\/5944"}],"wp:attachment":[{"href":"https:\/\/fluogas.com\/index.php?rest_route=%2Fwp%2Fv2%2Fmedia&parent=4777"}],"curies":[{"name":"wp","href":"https:\/\/api.w.org\/{rel}","templated":true}]}}