{"id":4761,"date":"2020-09-11T16:48:16","date_gmt":"2020-09-11T16:48:16","guid":{"rendered":"http:\/\/macher.ga\/fluogas\/?post_type=product&#038;p=4761"},"modified":"2020-10-20T15:12:32","modified_gmt":"2020-10-20T15:12:32","slug":"serie-1hp","status":"publish","type":"product","link":"https:\/\/fluogas.com\/?product=serie-1hp","title":{"rendered":"Serie 1HP"},"content":{"rendered":"<div id=\"showMoreText3\" class=\"honShowMore\">\n<p>Los interruptores de presi\u00f3n de la Serie\u00a01HP de Honeywell Aerospace se dise\u00f1aron para rangos de presi\u00f3n alta (150\u00a0psi a 5000\u00a0psi), para uso en aplicaciones de defensa y aeroespaciales. Los interruptores de presi\u00f3n livianos y compactos cuentan con salidas anal\u00f3gicas para indicar la presi\u00f3n de gases o l\u00edquidos. La modularidad del dise\u00f1o permite configurar el interruptor y facilita la personalizaci\u00f3n seg\u00fan los requisitos minuciosos y exigentes de las aplicaciones de defensa y aeroespaciales.<\/p>\n<p>Dentro de la carcasa de acero inoxidable, puede encontrar un interruptor subminiatura de primera calidad Serie SX MICRO SWITCH\u2122. La Serie SX est\u00e1 calificada seg\u00fan la norma MIL-PFR-8805 y su fuerza de operaci\u00f3n m\u00e1s baja ofrece versatilidad de aplicaci\u00f3n con mayor precisi\u00f3n.<\/p>\n<\/div>\n","protected":false},"excerpt":{"rendered":"<p>Los interruptores de presi\u00f3n de la Serie\u00a01HP de Honeywell Aerospace se dise\u00f1aron para rangos de presi\u00f3n alta (150\u00a0psi a 5000\u00a0psi), para uso en aplicaciones de defensa y aeroespaciales.<\/p>\n","protected":false},"featured_media":5974,"template":"","meta":[],"_links":{"self":[{"href":"https:\/\/fluogas.com\/index.php?rest_route=\/wp\/v2\/product\/4761"}],"collection":[{"href":"https:\/\/fluogas.com\/index.php?rest_route=\/wp\/v2\/product"}],"about":[{"href":"https:\/\/fluogas.com\/index.php?rest_route=\/wp\/v2\/types\/product"}],"version-history":[{"count":0,"href":"https:\/\/fluogas.com\/index.php?rest_route=\/wp\/v2\/product\/4761\/revisions"}],"wp:featuredmedia":[{"embeddable":true,"href":"https:\/\/fluogas.com\/index.php?rest_route=\/wp\/v2\/media\/5974"}],"wp:attachment":[{"href":"https:\/\/fluogas.com\/index.php?rest_route=%2Fwp%2Fv2%2Fmedia&parent=4761"}],"curies":[{"name":"wp","href":"https:\/\/api.w.org\/{rel}","templated":true}]}}