{"id":4744,"date":"2020-09-11T16:30:28","date_gmt":"2020-09-11T16:30:28","guid":{"rendered":"http:\/\/macher.ga\/fluogas\/?post_type=product&#038;p=4744"},"modified":"2020-10-20T15:01:45","modified_gmt":"2020-10-20T15:01:45","slug":"serie-at","status":"publish","type":"product","link":"https:\/\/fluogas.com\/?product=serie-at","title":{"rendered":"Serie AT"},"content":{"rendered":"<div id=\"showMoreText3\" class=\"honShowMore\">\n<p>Los interruptores manuales AT MICRO SWITCH ofrecen un interruptor manual compacto de polos m\u00faltiples con una larga trayectoria de rendimiento exitoso que supera los 50\u00a0a\u00f1os. El interruptor manual Serie AT est\u00e1 disponible con un dise\u00f1o de 1, 2, 3, 4, 6, 8 o 10\u00a0polos para adaptarse a una amplia gama de aplicaciones, y cuenta con una palanca manual de metal, un manguito de metal y una carcasa de metal para brindar durabilidad. Algunos interruptores Serie AT est\u00e1n calificados seg\u00fan las especificaciones de MIL-PRF-8805 para aplicaciones militares. Para las aplicaciones que no requieren un interruptor homologado seg\u00fan especificaciones militares, hay otros interruptores de la Serie AT para aplicaciones industriales y comerciales.<\/p>\n<p>Las opciones para la Serie AT incluyen sellos de panel y sellos de palanca a manguito. Estas opciones mejoran el rendimiento del producto cuando podr\u00eda haber ambientes de polvo o agua rociada presentes en la aplicaci\u00f3n. Para complementar la oferta de productos, los montajes de los interruptores manuales AT MICRO SWITCH est\u00e1n disponibles con polos individuales (interruptores b\u00e1sicos) con certificaci\u00f3n UL, CSA y CE.<\/p>\n<\/div>\n","protected":false},"excerpt":{"rendered":"<p>Los interruptores manuales AT MICRO SWITCH ofrecen un interruptor manual compacto de polos m\u00faltiples con una larga trayectoria de rendimiento exitoso que supera los 50\u00a0a\u00f1os<\/p>\n","protected":false},"featured_media":5966,"template":"","meta":[],"_links":{"self":[{"href":"https:\/\/fluogas.com\/index.php?rest_route=\/wp\/v2\/product\/4744"}],"collection":[{"href":"https:\/\/fluogas.com\/index.php?rest_route=\/wp\/v2\/product"}],"about":[{"href":"https:\/\/fluogas.com\/index.php?rest_route=\/wp\/v2\/types\/product"}],"version-history":[{"count":0,"href":"https:\/\/fluogas.com\/index.php?rest_route=\/wp\/v2\/product\/4744\/revisions"}],"wp:featuredmedia":[{"embeddable":true,"href":"https:\/\/fluogas.com\/index.php?rest_route=\/wp\/v2\/media\/5966"}],"wp:attachment":[{"href":"https:\/\/fluogas.com\/index.php?rest_route=%2Fwp%2Fv2%2Fmedia&parent=4744"}],"curies":[{"name":"wp","href":"https:\/\/api.w.org\/{rel}","templated":true}]}}