{"id":4736,"date":"2020-09-11T16:21:29","date_gmt":"2020-09-11T16:21:29","guid":{"rendered":"http:\/\/macher.ga\/fluogas\/?post_type=product&#038;p=4736"},"modified":"2020-10-20T15:08:02","modified_gmt":"2020-10-20T15:08:02","slug":"serie-mt-2","status":"publish","type":"product","link":"https:\/\/fluogas.com\/?product=serie-mt-2","title":{"rendered":"Serie MT"},"content":{"rendered":"<div id=\"showMoreText3\" class=\"honShowMore\">\n<p>Los interruptores manuales miniatura Serie\u00a0MT MICRO SWITCH de Honeywell est\u00e1n dise\u00f1ados para satisfacer las necesidades de un interruptor manual resistente y econ\u00f3mico. Las caracter\u00edsticas de la construcci\u00f3n de calidad incluyen un sellado entre la palanca manual y el manguito, y entre la cubierta y la estructura. Estos interruptores est\u00e1n dise\u00f1ados para usar en aplicaciones en muchos ambientes demandantes al aire libre, donde los paneles est\u00e1n sujetos a vibraciones de los equipos, temperaturas extremas, polvo, salpicaduras de agua y\/o chorros de mangueras. Adem\u00e1s, resisten la exposici\u00f3n a la acumulaci\u00f3n de roc\u00edo de la ma\u00f1ana que puede condensarse en el panel de control en las cabinas de veh\u00edculos que quedan a la intemperie durante la noche.<\/p>\n<p>Los interruptores manuales MT con palancas de metal o de pl\u00e1stico son ideales para la operaci\u00f3n con guantes. La caracter\u00edstica de separaci\u00f3n del panel con junta o-ring disponible en algunos listados elimina la necesidad de equipos detr\u00e1s del panel, ofrece una altura del panel uniforme y un sellado de cubierta.<\/p>\n<\/div>\n","protected":false},"excerpt":{"rendered":"<p>Los interruptores manuales miniatura Serie\u00a0MT MICRO SWITCH de Honeywell est\u00e1n dise\u00f1ados para satisfacer las necesidades de un interruptor manual resistente y econ\u00f3mico.<\/p>\n","protected":false},"featured_media":5970,"template":"","meta":[],"_links":{"self":[{"href":"https:\/\/fluogas.com\/index.php?rest_route=\/wp\/v2\/product\/4736"}],"collection":[{"href":"https:\/\/fluogas.com\/index.php?rest_route=\/wp\/v2\/product"}],"about":[{"href":"https:\/\/fluogas.com\/index.php?rest_route=\/wp\/v2\/types\/product"}],"version-history":[{"count":1,"href":"https:\/\/fluogas.com\/index.php?rest_route=\/wp\/v2\/product\/4736\/revisions"}],"predecessor-version":[{"id":5973,"href":"https:\/\/fluogas.com\/index.php?rest_route=\/wp\/v2\/product\/4736\/revisions\/5973"}],"wp:featuredmedia":[{"embeddable":true,"href":"https:\/\/fluogas.com\/index.php?rest_route=\/wp\/v2\/media\/5970"}],"wp:attachment":[{"href":"https:\/\/fluogas.com\/index.php?rest_route=%2Fwp%2Fv2%2Fmedia&parent=4736"}],"curies":[{"name":"wp","href":"https:\/\/api.w.org\/{rel}","templated":true}]}}