{"id":4734,"date":"2020-09-11T16:20:22","date_gmt":"2020-09-11T16:20:22","guid":{"rendered":"http:\/\/macher.ga\/fluogas\/?post_type=product&#038;p=4734"},"modified":"2020-10-20T15:08:37","modified_gmt":"2020-10-20T15:08:37","slug":"serie-nt","status":"publish","type":"product","link":"https:\/\/fluogas.com\/?product=serie-nt","title":{"rendered":"Serie NT"},"content":{"rendered":"<div id=\"showMoreText3\" class=\"honShowMore\">\n<p>Los interruptores manuales Serie\u00a0NT MICRO SWITCH de Honeywell satisfacen las necesidades de un interruptor manual resistente y econ\u00f3mico. Las caracter\u00edsticas de la construcci\u00f3n de calidad incluyen un sellado entre la palanca manual y el manguito, y entre la cubierta y la estructura. Estos interruptores son aptos para aplicaciones en muchos ambientes al aire libre, donde los paneles est\u00e1n sujetos a vibraciones de los equipos, temperaturas extremas, polvo, salpicaduras de agua y\/o chorros de mangueras.<\/p>\n<p>Adem\u00e1s, resisten la exposici\u00f3n a la acumulaci\u00f3n de roc\u00edo de la ma\u00f1ana que puede condensarse en el panel de control en las cabinas de veh\u00edculos que quedan a la intemperie durante la noche. Los interruptores manuales NT con palancas est\u00e1ndar de metal o de pl\u00e1stico de mayor tama\u00f1o son ideales para la operaci\u00f3n con guantes.<\/p>\n<p>Disponible en estilo escalonado y plano, la Serie\u00a0NT ofrece estos tres estilos populares de terminaci\u00f3n: 6 a 32\u00a0tornillos, terminales de soldadura con un orificio de 3,0\u00a0mm (0,12\u00a0in) de di\u00e1metro, o terminales de conexi\u00f3n r\u00e1pida de 6,35\u00a0mm (0,25\u00a0in). El manguito roscado opcional de \u201cf\u00e1cil inicio\u201d permite una alineaci\u00f3n r\u00e1pida de la tuerca de montaje para minimizar el cruce de la rosca. La caracter\u00edstica de separaci\u00f3n del panel con junta o-ring disponible en algunos listados elimina la necesidad de equipos detr\u00e1s del panel, ofrece una altura del panel uniforme y un sellado de cubierta.<\/p>\n<\/div>\n","protected":false},"excerpt":{"rendered":"<p>Los interruptores manuales Serie\u00a0NT MICRO SWITCH de Honeywell satisfacen las necesidades de un interruptor manual resistente y econ\u00f3mico. Las caracter\u00edsticas de la construcci\u00f3n de calidad incluyen un sellado entre la palanca manual y el manguito, y entre la cubierta y la estructura.<\/p>\n","protected":false},"featured_media":5971,"template":"","meta":[],"_links":{"self":[{"href":"https:\/\/fluogas.com\/index.php?rest_route=\/wp\/v2\/product\/4734"}],"collection":[{"href":"https:\/\/fluogas.com\/index.php?rest_route=\/wp\/v2\/product"}],"about":[{"href":"https:\/\/fluogas.com\/index.php?rest_route=\/wp\/v2\/types\/product"}],"version-history":[{"count":0,"href":"https:\/\/fluogas.com\/index.php?rest_route=\/wp\/v2\/product\/4734\/revisions"}],"wp:featuredmedia":[{"embeddable":true,"href":"https:\/\/fluogas.com\/index.php?rest_route=\/wp\/v2\/media\/5971"}],"wp:attachment":[{"href":"https:\/\/fluogas.com\/index.php?rest_route=%2Fwp%2Fv2%2Fmedia&parent=4734"}],"curies":[{"name":"wp","href":"https:\/\/api.w.org\/{rel}","templated":true}]}}