{"id":4732,"date":"2020-09-11T16:19:10","date_gmt":"2020-09-11T16:19:10","guid":{"rendered":"http:\/\/macher.ga\/fluogas\/?post_type=product&#038;p=4732"},"modified":"2020-10-20T15:09:08","modified_gmt":"2020-10-20T15:09:08","slug":"serie-tl","status":"publish","type":"product","link":"https:\/\/fluogas.com\/?product=serie-tl","title":{"rendered":"Serie TL"},"content":{"rendered":"<div id=\"showMoreText3\" class=\"honShowMore\">\n<p>Los interruptores manuales Serie\u00a0TL MICRO SWITCH de Honeywell tienen calificaci\u00f3n militar seg\u00fan las especificaciones de MIL-DTL-3950 para interruptores manuales sellados. Las caracter\u00edsticas de construcci\u00f3n de alta calidad incluyen un sello adherido entre la palanca y el manguito, y entre la cubierta y la caja.<\/p>\n<p>El dise\u00f1o robusto del interruptor manual Serie\u00a0TL es ideal para numerosas aplicaciones militares, aeroespaciales y otras aplicaciones exigentes donde la fiabilidad es fundamental. Estas aplicaciones incluyen los ambientes donde los paneles est\u00e1n sujetos a golpes mec\u00e1nicos, vibraci\u00f3n y temperaturas extremos, adem\u00e1s de ambientes con polvo, salpicaduras o chorros de manguera.<\/p>\n<p>Los interruptores manuales Serie\u00a0TL ofrecen diferentes opciones de circuitos y polos para facilitar la integraci\u00f3n en varias aplicaciones. La larga historia de aplicaciones militares y aeroespaciales demuestra que la Serie\u00a0TL brinda un rendimiento confiable y una vida \u00fatil prolongada en las condiciones m\u00e1s dif\u00edciles.<\/p>\n<\/div>\n","protected":false},"excerpt":{"rendered":"<p>Los interruptores manuales Serie\u00a0TL MICRO SWITCH de Honeywell tienen calificaci\u00f3n militar seg\u00fan las especificaciones de MIL-DTL-3950 para interruptores manuales sellados.<\/p>\n","protected":false},"featured_media":5972,"template":"","meta":[],"_links":{"self":[{"href":"https:\/\/fluogas.com\/index.php?rest_route=\/wp\/v2\/product\/4732"}],"collection":[{"href":"https:\/\/fluogas.com\/index.php?rest_route=\/wp\/v2\/product"}],"about":[{"href":"https:\/\/fluogas.com\/index.php?rest_route=\/wp\/v2\/types\/product"}],"version-history":[{"count":0,"href":"https:\/\/fluogas.com\/index.php?rest_route=\/wp\/v2\/product\/4732\/revisions"}],"wp:featuredmedia":[{"embeddable":true,"href":"https:\/\/fluogas.com\/index.php?rest_route=\/wp\/v2\/media\/5972"}],"wp:attachment":[{"href":"https:\/\/fluogas.com\/index.php?rest_route=%2Fwp%2Fv2%2Fmedia&parent=4732"}],"curies":[{"name":"wp","href":"https:\/\/api.w.org\/{rel}","templated":true}]}}