{"id":47,"date":"2020-09-10T19:58:06","date_gmt":"2020-09-10T19:58:06","guid":{"rendered":"http:\/\/macher.ga\/fluogas\/?post_type=product&#038;p=47"},"modified":"2020-10-20T19:20:39","modified_gmt":"2020-10-20T19:20:39","slug":"serie-hdls-estandar","status":"publish","type":"product","link":"https:\/\/fluogas.com\/?product=serie-hdls-estandar","title":{"rendered":"Serie HDLS est\u00e1ndar"},"content":{"rendered":"<p>Los interruptores l\u00edmite de uso intensivo Serie\u00a0HDLS incluyen un dise\u00f1o de cabezal de perno y z\u00f3calo para una retenci\u00f3n m\u00e1s segura del cabezal al cuerpo, un tren de accionamiento completamente de metal para el funcionamiento continuo incluso a altas temperaturas y terminales de autoelevaci\u00f3n de la placa de presi\u00f3n para optimizar el tiempo de cableado. Con su carcasa resistente, la Serie HDLS est\u00e1 sellada seg\u00fan NEMA 1, 3, 4, 4X, 6, 6P, 12, 13, IP65\/66\/67. Las versiones de lateral giratorio pueden modificarse para que funcionen en sentido horario o antihorario, mientras que los cabezales de operaci\u00f3n pueden rotarse 90\u00b0. Se ofrecen opciones de sellado para bajas y altas temperaturas.<\/p>\n","protected":false},"excerpt":{"rendered":"<p>Los interruptores l\u00edmite de uso intensivo Serie\u00a0HDLS incluyen un dise\u00f1o de cabezal de perno y z\u00f3calo para una retenci\u00f3n m\u00e1s segura del cabezal al cuerpo, un tren de accionamiento completamente de metal para el funcionamiento continuo incluso a altas temperaturas y terminales de autoelevaci\u00f3n de la placa de presi\u00f3n para optimizar el tiempo de cableado.<\/p>\n","protected":false},"featured_media":6037,"template":"","meta":[],"_links":{"self":[{"href":"https:\/\/fluogas.com\/index.php?rest_route=\/wp\/v2\/product\/47"}],"collection":[{"href":"https:\/\/fluogas.com\/index.php?rest_route=\/wp\/v2\/product"}],"about":[{"href":"https:\/\/fluogas.com\/index.php?rest_route=\/wp\/v2\/types\/product"}],"version-history":[{"count":1,"href":"https:\/\/fluogas.com\/index.php?rest_route=\/wp\/v2\/product\/47\/revisions"}],"predecessor-version":[{"id":6039,"href":"https:\/\/fluogas.com\/index.php?rest_route=\/wp\/v2\/product\/47\/revisions\/6039"}],"wp:featuredmedia":[{"embeddable":true,"href":"https:\/\/fluogas.com\/index.php?rest_route=\/wp\/v2\/media\/6037"}],"wp:attachment":[{"href":"https:\/\/fluogas.com\/index.php?rest_route=%2Fwp%2Fv2%2Fmedia&parent=47"}],"curies":[{"name":"wp","href":"https:\/\/api.w.org\/{rel}","templated":true}]}}