{"id":40,"date":"2020-09-10T19:39:28","date_gmt":"2020-09-10T19:39:28","guid":{"rendered":"http:\/\/macher.ga\/fluogas\/?post_type=product&#038;p=40"},"modified":"2020-10-20T19:28:01","modified_gmt":"2020-10-20T19:28:01","slug":"serie-ls","status":"publish","type":"product","link":"https:\/\/fluogas.com\/?product=serie-ls","title":{"rendered":"Serie LS"},"content":{"rendered":"<div id=\"showMoreText3\" class=\"honShowMore\">\n<p>Los interruptores l\u00edmite de carrera compactos Serie\u00a0LS MICRO SWITCH de Honeywell ofrecen productos que son reconocidos por su exitoso rendimiento en una gran variedad de aplicaciones industriales. En condiciones severas, su dise\u00f1o duradero y confiable brinda longevidad, precisi\u00f3n y repetibilidad consistente en millones de operaciones.<\/p>\n<p>El tama\u00f1o compacto y las caracter\u00edsticas ajustables permiten que la Serie\u00a0LS prospere en diferentes lugares con limitaci\u00f3n de espacio sin sacrificar la confiabilidad. Su dise\u00f1o es impermeable y resistente al polvo e incluye carcasas, cabezales y actuadores de fundici\u00f3n. Una variedad de cabezales y actuadores ofrece una soluci\u00f3n para diversas aplicaciones.<\/p>\n<p>La Serie\u00a0LS est\u00e1 dise\u00f1ada con un cuerpo no conectable, mientras que la Serie\u00a0200LS tiene una carcasa conectable.<\/p>\n<\/div>\n","protected":false},"excerpt":{"rendered":"<p>Los interruptores l\u00edmite de carrera compactos Serie\u00a0LS MICRO SWITCH de Honeywell ofrecen productos que son reconocidos por su exitoso rendimiento en una gran variedad de aplicaciones industriales.<\/p>\n","protected":false},"featured_media":6043,"template":"","meta":[],"_links":{"self":[{"href":"https:\/\/fluogas.com\/index.php?rest_route=\/wp\/v2\/product\/40"}],"collection":[{"href":"https:\/\/fluogas.com\/index.php?rest_route=\/wp\/v2\/product"}],"about":[{"href":"https:\/\/fluogas.com\/index.php?rest_route=\/wp\/v2\/types\/product"}],"version-history":[{"count":0,"href":"https:\/\/fluogas.com\/index.php?rest_route=\/wp\/v2\/product\/40\/revisions"}],"wp:featuredmedia":[{"embeddable":true,"href":"https:\/\/fluogas.com\/index.php?rest_route=\/wp\/v2\/media\/6043"}],"wp:attachment":[{"href":"https:\/\/fluogas.com\/index.php?rest_route=%2Fwp%2Fv2%2Fmedia&parent=40"}],"curies":[{"name":"wp","href":"https:\/\/api.w.org\/{rel}","templated":true}]}}