{"id":25,"date":"2020-09-10T19:14:37","date_gmt":"2020-09-10T19:14:37","guid":{"rendered":"http:\/\/macher.ga\/fluogas\/?post_type=product&#038;p=25"},"modified":"2020-10-20T19:33:17","modified_gmt":"2020-10-20T19:33:17","slug":"serie-glc","status":"publish","type":"product","link":"https:\/\/fluogas.com\/?product=serie-glc","title":{"rendered":"Serie GLC"},"content":{"rendered":"<div id=\"showMoreText3\" class=\"honShowMore\">\n<p>La familia de interruptores l\u00edmite de carrera miniatura GLS MICRO SWITCH de Honeywell ofrece un abanico de productos para soluciones mundiales. Estos interruptores l\u00edmite de carrera duraderos y confiables son adecuados para muchas aplicaciones industriales, equipos agr\u00edcolas, equipos de transporte y otras aplicaciones que requieren un interruptor sellado a prueba de factores ambientales (IP y NEMA). Gracias a su carcasa compacta, generalmente son ideales para equipos donde el espacio es reducido. La amplia gama de productos est\u00e1 disponible con tres tipos de carcasa diferentes: carcasa de metal (GLC), encapsulado de pl\u00e1stico (GLD) o una carcasa de metal de tres conductos (GLE) que es compatible para montaje conforme a EN50047.<\/p>\n<p>Una amplia variedad de actuadores, bloques de contacto y opciones de conductos\/conectividad mejoran la oferta del producto. En la exigente \u00e9poca actual de controles de nivel l\u00f3gico, con frecuencia se utilizan interruptores electromec\u00e1nicos para interactuar con PLC y otros dispositivos de nivel l\u00f3gico. Los interruptores l\u00edmite de carrera GLS ofrecen una opci\u00f3n a los contactos enchapados en oro para el interruptor est\u00e1ndar. Esta opci\u00f3n promueve la confiabilidad en el interruptor para aplicaciones de nivel l\u00f3gico.<\/p>\n<\/div>\n","protected":false},"excerpt":{"rendered":"<p>La familia de interruptores l\u00edmite de carrera miniatura GLS MICRO SWITCH de Honeywell ofrece un abanico de productos para soluciones mundiales.<\/p>\n","protected":false},"featured_media":6044,"template":"","meta":[],"_links":{"self":[{"href":"https:\/\/fluogas.com\/index.php?rest_route=\/wp\/v2\/product\/25"}],"collection":[{"href":"https:\/\/fluogas.com\/index.php?rest_route=\/wp\/v2\/product"}],"about":[{"href":"https:\/\/fluogas.com\/index.php?rest_route=\/wp\/v2\/types\/product"}],"version-history":[{"count":0,"href":"https:\/\/fluogas.com\/index.php?rest_route=\/wp\/v2\/product\/25\/revisions"}],"wp:featuredmedia":[{"embeddable":true,"href":"https:\/\/fluogas.com\/index.php?rest_route=\/wp\/v2\/media\/6044"}],"wp:attachment":[{"href":"https:\/\/fluogas.com\/index.php?rest_route=%2Fwp%2Fv2%2Fmedia&parent=25"}],"curies":[{"name":"wp","href":"https:\/\/api.w.org\/{rel}","templated":true}]}}