{"id":20,"date":"2020-09-10T18:40:23","date_gmt":"2020-09-10T18:40:23","guid":{"rendered":"http:\/\/macher.ga\/fluogas\/?post_type=product&#038;p=20"},"modified":"2020-10-20T19:36:09","modified_gmt":"2020-10-20T19:36:09","slug":"serie-gla","status":"publish","type":"product","link":"https:\/\/fluogas.com\/?product=serie-gla","title":{"rendered":"Serie GLA"},"content":{"rendered":"<p>El interruptor l\u00edmite de carrera Serie\u00a0GLA MICRO SWITCH\u00a0de Honeywell est\u00e1 dise\u00f1ado para cumplir con las normas EN50041 mundiales y es muy apto para aplicaciones a nivel mundial. El dise\u00f1o en m\u00f3dulos (cabezales\/actuadores, cuerpos y bloques de contacto) del interruptor l\u00edmite de carrera permite una r\u00e1pida respuesta para cumplir con las aplicaciones del cliente. La carcasa de metal fundido resistente del interruptor es ideal para aplicaciones en interiores y al aire libre en las que se requiere una protecci\u00f3n IP o\u00a0NEMA. Los contactos de acci\u00f3n r\u00e1pida normalmente cerrados y los contactos de acci\u00f3n lenta normalmente cerrados son de apertura positiva.<\/p>\n","protected":false},"excerpt":{"rendered":"<p>El interruptor l\u00edmite de carrera Serie\u00a0GLA MICRO SWITCH de Honeywell est\u00e1 dise\u00f1ado para cumplir con las normas EN50041 mundiales y es muy apto para aplicaciones a nivel mundial.<\/p>\n","protected":false},"featured_media":6055,"template":"","meta":[],"_links":{"self":[{"href":"https:\/\/fluogas.com\/index.php?rest_route=\/wp\/v2\/product\/20"}],"collection":[{"href":"https:\/\/fluogas.com\/index.php?rest_route=\/wp\/v2\/product"}],"about":[{"href":"https:\/\/fluogas.com\/index.php?rest_route=\/wp\/v2\/types\/product"}],"version-history":[{"count":0,"href":"https:\/\/fluogas.com\/index.php?rest_route=\/wp\/v2\/product\/20\/revisions"}],"wp:featuredmedia":[{"embeddable":true,"href":"https:\/\/fluogas.com\/index.php?rest_route=\/wp\/v2\/media\/6055"}],"wp:attachment":[{"href":"https:\/\/fluogas.com\/index.php?rest_route=%2Fwp%2Fv2%2Fmedia&parent=20"}],"curies":[{"name":"wp","href":"https:\/\/api.w.org\/{rel}","templated":true}]}}