{"id":153,"date":"2020-09-10T22:18:31","date_gmt":"2020-09-10T22:18:31","guid":{"rendered":"http:\/\/macher.ga\/fluogas\/?post_type=product&#038;p=153"},"modified":"2020-10-20T18:35:03","modified_gmt":"2020-10-20T18:35:03","slug":"serie-be","status":"publish","type":"product","link":"https:\/\/fluogas.com\/?product=serie-be","title":{"rendered":"Serie BE"},"content":{"rendered":"<div id=\"showMoreText3\" class=\"honShowMore\">\n<p>Exacta, confiable y repetible, las Series\u00a0BZ\/BA\/BM\/BE\/6AS\/WZ\/YZ\/WA\/YA MICRO SWITC<strong>H<\/strong> ofrecen caracter\u00edsticas de operaci\u00f3n precisas y una vida \u00fatil m\u00e1s prolongada. Estos interruptores grandes de acci\u00f3n r\u00e1pida de primera calidad brindan un funcionamiento preciso y un recorrido diferencial sensible.<\/p>\n<p>Utilizando procesos de fabricaci\u00f3n y controles de calidad de vanguardia, Honeywell ha creado interruptores grandes de acci\u00f3n r\u00e1pida de primera calidad que cumplen con los requisitos de diversas agencias internacionales. Algunos modelos tienen calificaciones militares. En general, estas Series se utilizan para aplicaciones de encendido\/apagado de precisi\u00f3n, de fin de l\u00edmite de carrera, presencia\/ausencia e interfaz de operador manual.<\/p>\n<p>Su dise\u00f1o es apto para diversas necesidades de aplicaci\u00f3n. Las opciones configuradas brindan una amplia gama de caracter\u00edsticas de funcionamiento e interfaz. La Serie\u00a06AS MICRO SWITCH incluye dos interruptores grandes de acci\u00f3n r\u00e1pida de primera calidad BZ\/BA\/BM\/BE agrupados y accionados por un \u00fanico actuador. Punto de operaci\u00f3n ajustable en campo en uno o ambos interruptores.<\/p>\n<\/div>\n","protected":false},"excerpt":{"rendered":"<p>Exacta, confiable y repetible, las Series\u00a0BZ\/BA\/BM\/BE\/6AS\/WZ\/YZ\/WA\/YA MICRO SWITC<strong>H<\/strong> ofrecen caracter\u00edsticas de operaci\u00f3n precisas y una vida \u00fatil m\u00e1s prolongada.<\/p>\n","protected":false},"featured_media":5985,"template":"","meta":[],"_links":{"self":[{"href":"https:\/\/fluogas.com\/index.php?rest_route=\/wp\/v2\/product\/153"}],"collection":[{"href":"https:\/\/fluogas.com\/index.php?rest_route=\/wp\/v2\/product"}],"about":[{"href":"https:\/\/fluogas.com\/index.php?rest_route=\/wp\/v2\/types\/product"}],"version-history":[{"count":0,"href":"https:\/\/fluogas.com\/index.php?rest_route=\/wp\/v2\/product\/153\/revisions"}],"wp:featuredmedia":[{"embeddable":true,"href":"https:\/\/fluogas.com\/index.php?rest_route=\/wp\/v2\/media\/5985"}],"wp:attachment":[{"href":"https:\/\/fluogas.com\/index.php?rest_route=%2Fwp%2Fv2%2Fmedia&parent=153"}],"curies":[{"name":"wp","href":"https:\/\/api.w.org\/{rel}","templated":true}]}}