{"id":116,"date":"2020-09-10T21:21:47","date_gmt":"2020-09-10T21:21:47","guid":{"rendered":"http:\/\/macher.ga\/fluogas\/?post_type=product&amp;p=116"},"modified":"2020-09-10T21:21:47","modified_gmt":"2020-09-10T21:21:47","slug":"serie-zw","status":"publish","type":"product","link":"https:\/\/fluogas.com\/?product=serie-zw","title":{"rendered":"Serie ZW"},"content":{"rendered":"<p>La Serie\u00a0ZW est\u00e1 calificada para controlar cargas el\u00e9ctricas, desde circuitos de nivel l\u00f3gico\/basados en computadoras hasta conmutaci\u00f3n de uso intensivo (hasta 6\u00a0A y hasta 250\u00a0V\u00a0CA). Los interruptores proporcionados con hilos conductores integrales est\u00e1n sellados seg\u00fan la especificaci\u00f3n IP67 y son aptos para aplicaciones en las que el montaje del interruptor podr\u00eda estar expuesto a l\u00edquidos o part\u00edculas contaminantes en el ambiente por el uso en interiores o al aire libre.<\/p>\n","protected":false},"excerpt":{"rendered":"<p>La Serie\u00a0ZW est\u00e1 calificada para controlar cargas el\u00e9ctricas, desde circuitos de nivel l\u00f3gico\/basados en computadoras hasta conmutaci\u00f3n de uso intensivo (hasta 6\u00a0A y hasta 250\u00a0V\u00a0CA).<\/p>\n","protected":false},"featured_media":117,"template":"","meta":[],"_links":{"self":[{"href":"https:\/\/fluogas.com\/index.php?rest_route=\/wp\/v2\/product\/116"}],"collection":[{"href":"https:\/\/fluogas.com\/index.php?rest_route=\/wp\/v2\/product"}],"about":[{"href":"https:\/\/fluogas.com\/index.php?rest_route=\/wp\/v2\/types\/product"}],"version-history":[{"count":0,"href":"https:\/\/fluogas.com\/index.php?rest_route=\/wp\/v2\/product\/116\/revisions"}],"wp:featuredmedia":[{"embeddable":true,"href":"https:\/\/fluogas.com\/index.php?rest_route=\/wp\/v2\/media\/117"}],"wp:attachment":[{"href":"https:\/\/fluogas.com\/index.php?rest_route=%2Fwp%2Fv2%2Fmedia&parent=116"}],"curies":[{"name":"wp","href":"https:\/\/api.w.org\/{rel}","templated":true}]}}