{"id":114,"date":"2020-09-10T21:19:43","date_gmt":"2020-09-10T21:19:43","guid":{"rendered":"http:\/\/macher.ga\/fluogas\/?post_type=product&amp;p=114"},"modified":"2020-09-10T21:19:43","modified_gmt":"2020-09-10T21:19:43","slug":"serie-zd","status":"publish","type":"product","link":"https:\/\/fluogas.com\/?product=serie-zd","title":{"rendered":"Serie ZD"},"content":{"rendered":"<p>La Serie\u00a0ZD MICRO SWITCH de Honeywell es un interruptor de acci\u00f3n r\u00e1pida subminiatura sellado. A pesar de su tama\u00f1o peque\u00f1o, la Serie\u00a0ZD est\u00e1 calificada para controlar cargas el\u00e9ctricas, desde circuitos de nivel l\u00f3gico (corriente baja\/voltaje bajo) hasta conmutaci\u00f3n de uso intensivo limitado (hasta 3\u00a0A\/125\u00a0V\u00a0CA). El interruptor, cuando se proporciona con hilos conductores integrales, est\u00e1 sellado seg\u00fan la especificaci\u00f3n IP67 y es apto para aplicaciones en las que el montaje del interruptor podr\u00eda estar expuesto a l\u00edquidos o part\u00edculas contaminantes en el ambiente.<\/p>\n","protected":false},"excerpt":{"rendered":"<p>La Serie\u00a0ZD MICRO SWITCH de Honeywell es un interruptor de acci\u00f3n r\u00e1pida subminiatura sellado.<\/p>\n","protected":false},"featured_media":115,"template":"","meta":[],"_links":{"self":[{"href":"https:\/\/fluogas.com\/index.php?rest_route=\/wp\/v2\/product\/114"}],"collection":[{"href":"https:\/\/fluogas.com\/index.php?rest_route=\/wp\/v2\/product"}],"about":[{"href":"https:\/\/fluogas.com\/index.php?rest_route=\/wp\/v2\/types\/product"}],"version-history":[{"count":0,"href":"https:\/\/fluogas.com\/index.php?rest_route=\/wp\/v2\/product\/114\/revisions"}],"wp:featuredmedia":[{"embeddable":true,"href":"https:\/\/fluogas.com\/index.php?rest_route=\/wp\/v2\/media\/115"}],"wp:attachment":[{"href":"https:\/\/fluogas.com\/index.php?rest_route=%2Fwp%2Fv2%2Fmedia&parent=114"}],"curies":[{"name":"wp","href":"https:\/\/api.w.org\/{rel}","templated":true}]}}