{"id":106,"date":"2020-09-10T21:07:41","date_gmt":"2020-09-10T21:07:41","guid":{"rendered":"http:\/\/macher.ga\/fluogas\/?post_type=product&#038;p=106"},"modified":"2020-10-20T18:47:57","modified_gmt":"2020-10-20T18:47:57","slug":"serie-14ce100","status":"publish","type":"product","link":"https:\/\/fluogas.com\/?product=serie-14ce100","title":{"rendered":"Serie 14CE100"},"content":{"rendered":"<p>La Serie\u00a014CE100, similar en tama\u00f1o y construcci\u00f3n a las Series\u00a014CE\/914CE, ofrece el beneficio adicional de ser un interruptor a prueba de explosiones completamente homologado. La construcci\u00f3n precableada permite instalarlo con facilidad en espacios reducidos y condiciones de funcionamiento dif\u00edciles. La Serie 14CE100 presenta accesorios de cable sumamente resistentes y un tornillo de conexi\u00f3n a tierra externo.<\/p>\n","protected":false},"excerpt":{"rendered":"<p>La Serie\u00a014CE100, similar en tama\u00f1o y construcci\u00f3n a las Series\u00a014CE\/914CE, ofrece el beneficio adicional de ser un interruptor a prueba de explosiones completamente homologado<\/p>\n","protected":false},"featured_media":6002,"template":"","meta":[],"_links":{"self":[{"href":"https:\/\/fluogas.com\/index.php?rest_route=\/wp\/v2\/product\/106"}],"collection":[{"href":"https:\/\/fluogas.com\/index.php?rest_route=\/wp\/v2\/product"}],"about":[{"href":"https:\/\/fluogas.com\/index.php?rest_route=\/wp\/v2\/types\/product"}],"version-history":[{"count":0,"href":"https:\/\/fluogas.com\/index.php?rest_route=\/wp\/v2\/product\/106\/revisions"}],"wp:featuredmedia":[{"embeddable":true,"href":"https:\/\/fluogas.com\/index.php?rest_route=\/wp\/v2\/media\/6002"}],"wp:attachment":[{"href":"https:\/\/fluogas.com\/index.php?rest_route=%2Fwp%2Fv2%2Fmedia&parent=106"}],"curies":[{"name":"wp","href":"https:\/\/api.w.org\/{rel}","templated":true}]}}