{"id":104,"date":"2020-09-10T21:06:23","date_gmt":"2020-09-10T21:06:23","guid":{"rendered":"http:\/\/macher.ga\/fluogas\/?post_type=product&#038;p=104"},"modified":"2020-10-20T18:48:42","modified_gmt":"2020-10-20T18:48:42","slug":"serie-gxs","status":"publish","type":"product","link":"https:\/\/fluogas.com\/?product=serie-gxs","title":{"rendered":"Serie GXS"},"content":{"rendered":"<div id=\"showMoreText3\" class=\"honShowMore\">\n<p>Los interruptores Serie VPX MICRO SWITCH est\u00e1n construidos especialmente para ser usados en atm\u00f3sferas potencialmente peligrosas en exteriores. Las carcasas de los interruptores est\u00e1n construidas para soportar la presi\u00f3n de una explosi\u00f3n interna. La trayectoria de las llamas enfr\u00edan los gases explotados a una temperatura inferior a la temperatura de funcionamiento seguro m\u00e1s baja del gas circundante.<\/p>\n<p>Las versiones de la Serie VPX equipadas con los interruptores de proximidad inductivos cuentan con la calificaci\u00f3n de intr\u00ednsecamente seguro. Independientemente de d\u00f3nde se dise\u00f1e, construya o instale el equipo o la maquinaria, los productos de la Serie\u00a0VPX cuentan con cobertura de la agencia a nivel mundial. Los interruptores de la Serie\u00a0VPX tienen una carcasa de aluminio fundido resistente. La carcasa de los productos est\u00e1 sellada a prueba de factores clim\u00e1ticos para usar al aire libre y cumplir el requisito NEMA 4X de protecci\u00f3n contra la corrosi\u00f3n, adem\u00e1s de diversos est\u00e1ndares de carcasa\u00a0NEMA.<\/p>\n<p>Las junta t\u00f3ricas del producto hacen que la carcasa sea a prueba de factores clim\u00e1ticos, pero est\u00e1n por fuera de la trayectoria de las llamas requeridas, as\u00ed se mantienen los requisitos a prueba de explosiones. Los interruptores Serie\u00a0VPX est\u00e1n disponibles en una variedad de colores y \u00e1ngulos, visibles desde cualquier direcci\u00f3n. A menos que se solicite de forma especial, todos los interruptores b\u00e1sicos funcionan con rotaci\u00f3n en sentido horario o antihorario.<\/p>\n<\/div>\n","protected":false},"excerpt":{"rendered":"<p>Los interruptores Serie VPX MICRO SWITCH est\u00e1n construidos especialmente para ser usados en atm\u00f3sferas potencialmente peligrosas en exteriores. Las carcasas de los interruptores est\u00e1n construidas para soportar la presi\u00f3n de una explosi\u00f3n interna.<\/p>\n","protected":false},"featured_media":6004,"template":"","meta":[],"_links":{"self":[{"href":"https:\/\/fluogas.com\/index.php?rest_route=\/wp\/v2\/product\/104"}],"collection":[{"href":"https:\/\/fluogas.com\/index.php?rest_route=\/wp\/v2\/product"}],"about":[{"href":"https:\/\/fluogas.com\/index.php?rest_route=\/wp\/v2\/types\/product"}],"version-history":[{"count":1,"href":"https:\/\/fluogas.com\/index.php?rest_route=\/wp\/v2\/product\/104\/revisions"}],"predecessor-version":[{"id":6003,"href":"https:\/\/fluogas.com\/index.php?rest_route=\/wp\/v2\/product\/104\/revisions\/6003"}],"wp:featuredmedia":[{"embeddable":true,"href":"https:\/\/fluogas.com\/index.php?rest_route=\/wp\/v2\/media\/6004"}],"wp:attachment":[{"href":"https:\/\/fluogas.com\/index.php?rest_route=%2Fwp%2Fv2%2Fmedia&parent=104"}],"curies":[{"name":"wp","href":"https:\/\/api.w.org\/{rel}","templated":true}]}}